{"id":24914,"date":"2024-09-11T21:57:25","date_gmt":"2024-09-11T19:57:25","guid":{"rendered":"https:\/\/indologia.uwr.edu.pl\/dla-studenta\/informacje-dydaktyczne\/"},"modified":"2024-09-12T00:34:15","modified_gmt":"2024-09-11T22:34:15","slug":"informacje-dydaktyczne","status":"publish","type":"page","link":"https:\/\/indologia.uwr.edu.pl\/en\/dla-studenta\/informacje-dydaktyczne\/","title":{"rendered":"Informacje dydaktyczne"},"content":{"rendered":"\n<div class=\"alignfull wp-block-ugb-container ugb-container podstrona_sekcje ugb-12c4a27 ugb-container--v2 ugb-container--design-plain ugb-main-block\"><style>@media screen and (min-width:768px){.ugb-12c4a27.ugb-container{margin-bottom:0px !important;padding-right:0px !important;padding-bottom:50px !important;padding-left:0px !important}}@media screen and (min-width:768px){.ugb-12c4a27 > .ugb-inner-block > .ugb-block-content > *{padding-top:0px !important;padding-bottom:0px !important;padding-right:0px !important;padding-left:0px !important}}<\/style><div class=\"ugb-inner-block\"><div class=\"ugb-block-content\"><div class=\"ugb-container__wrapper ugb-12c4a27-wrapper\"><div class=\"ugb-container__side\"><div class=\"ugb-container__content-wrapper ugb-12c4a27-content-wrapper\">\n<div class=\"wp-block-media-text alignwide is-stacked-on-mobile is-vertically-aligned-top is-image-fill bs-naglowek-szablonu-kolumny\"><figure class=\"wp-block-media-text__media\" style=\"background-image:url(https:\/\/indologia.uwr.edu.pl\/wp-content\/uploads\/sites\/582\/2024\/09\/pexels-navneet-shanu-202773-672630-1024x768.jpg);background-position:50% 50%\"><img loading=\"lazy\" decoding=\"async\" width=\"1024\" height=\"768\" src=\"https:\/\/indologia.uwr.edu.pl\/wp-content\/uploads\/sites\/582\/2024\/09\/pexels-navneet-shanu-202773-672630-1024x768.jpg\" alt=\"Informacje dydaktyczne - czakra\" class=\"wp-image-24635 size-full\" srcset=\"https:\/\/indologia.uwr.edu.pl\/wp-content\/uploads\/sites\/582\/2024\/09\/pexels-navneet-shanu-202773-672630-1024x768.jpg 1024w, https:\/\/indologia.uwr.edu.pl\/wp-content\/uploads\/sites\/582\/2024\/09\/pexels-navneet-shanu-202773-672630-300x225.jpg 300w, https:\/\/indologia.uwr.edu.pl\/wp-content\/uploads\/sites\/582\/2024\/09\/pexels-navneet-shanu-202773-672630-768x576.jpg 768w, https:\/\/indologia.uwr.edu.pl\/wp-content\/uploads\/sites\/582\/2024\/09\/pexels-navneet-shanu-202773-672630-1536x1152.jpg 1536w, https:\/\/indologia.uwr.edu.pl\/wp-content\/uploads\/sites\/582\/2024\/09\/pexels-navneet-shanu-202773-672630-2048x1536.jpg 2048w, https:\/\/indologia.uwr.edu.pl\/wp-content\/uploads\/sites\/582\/2024\/09\/pexels-navneet-shanu-202773-672630-1320x990.jpg 1320w, https:\/\/indologia.uwr.edu.pl\/wp-content\/uploads\/sites\/582\/2024\/09\/pexels-navneet-shanu-202773-672630-24x18.jpg 24w, https:\/\/indologia.uwr.edu.pl\/wp-content\/uploads\/sites\/582\/2024\/09\/pexels-navneet-shanu-202773-672630-36x27.jpg 36w, https:\/\/indologia.uwr.edu.pl\/wp-content\/uploads\/sites\/582\/2024\/09\/pexels-navneet-shanu-202773-672630-48x36.jpg 48w\" sizes=\"auto, (max-width: 1024px) 100vw, 1024px\" \/><\/figure><div class=\"wp-block-media-text__content\">\n<div class=\"wp-block-bonasoft-modular-breadcrumbs-block\"><div class=\"bs_add_breadcrumb_trail\"><\/div><\/div>\n\n\n\n<hr class=\"wp-block-separator has-text-color has-black-color has-css-opacity has-black-background-color has-background is-style-wide bs-border-kontakt\"\/>\n\n\n<h1 style=\"font-style:normal;font-weight:700;\" class=\"bs-naglowek-podstrony wp-block-post-title\">Informacje dydaktyczne<\/h1>\n\n\n<h1 class=\"wp-block-heading\">Dziekanat<\/h1>\n\n\n\n<p>ul. \u015bw. Jadwigi 3\/4&nbsp;<br>50-266 Wroc\u0142aw&nbsp;<br>II pi\u0119tro, pok. 201-203&nbsp;<\/p>\n\n\n\n<h3 class=\"wp-block-heading\"><strong>Godziny przyjmowania interesant\u00f3w<\/strong>&nbsp;<\/h3>\n\n\n\n<ul class=\"wp-block-list\">\n<li>poniedzia\u0142ki: 10:00\u201314:00&nbsp;&nbsp;<\/li>\n\n\n\n<li>wtorki: 10:00\u201314:00&nbsp;&nbsp;<\/li>\n\n\n\n<li>\u015brody: nieczynne&nbsp;&nbsp;<\/li>\n\n\n\n<li>czwartki: 12:00\u201315:00<\/li>\n\n\n\n<li>pi\u0105tki: 10:00\u201314:00&nbsp;<\/li>\n\n\n\n<li>soboty zjazdowe 10:00\u201314:00&nbsp;<\/li>\n<\/ul>\n<\/div><\/div>\n\n\n\n<div class=\"wp-block-ugb-container ugb-container ugb-002ab8b ugb-container--v2 ugb-container--design-plain ugb-main-block\"><style>@media screen and (min-width:768px){.ugb-002ab8b.ugb-container{margin-bottom:0% !important;margin-right:6% !important;margin-left:6% !important}}@media screen and (min-width:768px){.ugb-002ab8b > .ugb-inner-block > .ugb-block-content > *{padding-top:0px !important;padding-bottom:0px !important;padding-right:0px !important;padding-left:0px !important}}<\/style><div class=\"ugb-inner-block\"><div class=\"ugb-block-content\"><div class=\"ugb-container__wrapper ugb-002ab8b-wrapper\"><div class=\"ugb-container__side\"><div class=\"ugb-container__content-wrapper ugb-002ab8b-content-wrapper\">\n<div class=\"wp-block-ugb-columns ugb-columns ugb-1e69b3b ugb-columns--design-plain ugb-columns--columns-2 ugb-main-block\"><div class=\"ugb-inner-block\"><div class=\"ugb-block-content\"><div class=\"ugb-columns__item ugb-1e69b3b-content-wrapper\">\n<div class=\"wp-block-ugb-column ugb-column ugb-2684867 ugb-column--design-plain ugb-main-block\"><div class=\"ugb-inner-block\"><div class=\"ugb-block-content\"><div class=\"ugb-column__item ugb-2684867-column-wrapper\"><div class=\"ugb-column__content-wrapper\">\n<h2 class=\"wp-block-heading\"><strong>REGULACJE PRAWNE<\/strong><\/h2>\n\n\n<div class=\"bs__links\">\r\n    <div class=\"bs__links__section\">\r\n        <ul class=\"bs__links__list\">\r\n                            <li class=\"bs__links__list__item\">\r\n                    <a href=\"https:\/\/uwr.edu.pl\/regulamin-studiow\/\" class=\"bs__links__list__item__link\">\r\n                        Regulamin studi\u00f3w na Uniwersytecie Wroc\u0142awskim \r\n                        <div class=\"bs__links__list__item__link__before__icon\">\r\n                            <div class=\"bs__links__list__item__link__icon\">\r\n                                <svg width=\"40px\" height=\"40px\" viewBox=\"0 0 22 16\" version=\"1.1\">\r\n                                <g stroke=\"none\" strokeWidth=\"1\" fill=\"black\" fillRule=\"evenodd\">\r\n                                    <g>\r\n                                    <polygon points=\"13.4875 0 12 1.6215 18.7875 8 12 14.3795 13.4875 16 21.9995 8\" \/>\r\n                                    <\/g>\r\n                                <\/g>\r\n                                <\/svg>\r\n                            <\/div>\r\n                        <\/div>\r\n                    <\/a>\r\n                <li>\r\n                            <li class=\"bs__links__list__item\">\r\n                    <a href=\"https:\/\/isksio.uwr.edu.pl\/wp-content\/uploads\/sites\/249\/2023\/07\/3-ZRUWR_160_2020_z-dnia-18122020-r-dokumentacja-w-usos.pdf\" class=\"bs__links__list__item__link\">\r\n                        Przepisy dotycz\u0105ce dokumentacji w USOS \r\n                        <div class=\"bs__links__list__item__link__before__icon\">\r\n                            <div class=\"bs__links__list__item__link__icon\">\r\n                                <svg width=\"40px\" height=\"40px\" viewBox=\"0 0 22 16\" version=\"1.1\">\r\n                                <g stroke=\"none\" strokeWidth=\"1\" fill=\"black\" fillRule=\"evenodd\">\r\n                                    <g>\r\n                                    <polygon points=\"13.4875 0 12 1.6215 18.7875 8 12 14.3795 13.4875 16 21.9995 8\" \/>\r\n                                    <\/g>\r\n                                <\/g>\r\n                                <\/svg>\r\n                            <\/div>\r\n                        <\/div>\r\n                    <\/a>\r\n                <li>\r\n                            <li class=\"bs__links__list__item\">\r\n                    <a href=\"https:\/\/isksio.uwr.edu.pl\/wp-content\/uploads\/sites\/249\/2023\/07\/5-URWF_59_2022_z-26-iv-2022-w-spr-okresl-war-ponow-wpisu-na-semrok-oraz-dopusz-deficytu-ects.pdf\" class=\"bs__links__list__item__link\">\r\n                        Deficyt ECTS i warunki ponownego wpisu na semestr studi\u00f3w \r\n                        <div class=\"bs__links__list__item__link__before__icon\">\r\n                            <div class=\"bs__links__list__item__link__icon\">\r\n                                <svg width=\"40px\" height=\"40px\" viewBox=\"0 0 22 16\" version=\"1.1\">\r\n                                <g stroke=\"none\" strokeWidth=\"1\" fill=\"black\" fillRule=\"evenodd\">\r\n                                    <g>\r\n                                    <polygon points=\"13.4875 0 12 1.6215 18.7875 8 12 14.3795 13.4875 16 21.9995 8\" \/>\r\n                                    <\/g>\r\n                                <\/g>\r\n                                <\/svg>\r\n                            <\/div>\r\n                        <\/div>\r\n                    <\/a>\r\n                <li>\r\n                    <\/ul>\r\n    <\/div>\r\n<\/div><\/div><\/div><\/div><\/div><\/div>\n\n\n\n<div class=\"wp-block-ugb-column ugb-column ugb-0699a89 ugb-column--design-plain ugb-main-block\"><div class=\"ugb-inner-block\"><div class=\"ugb-block-content\"><div class=\"ugb-column__item ugb-0699a89-column-wrapper\"><div class=\"ugb-column__content-wrapper\">\n<h2 class=\"wp-block-heading\"><strong>WZORY PODA\u0143<\/strong><\/h2>\n\n\n\n<p>Wzory poda\u0144 oraz procedura ich sk\u0142adania zosta\u0142a szczeg\u00f3\u0142owo opisana na <a href=\"https:\/\/neofilologia.uwr.edu.pl\/studenci\/wzory-wnioskow\/\" target=\"_blank\" rel=\"noreferrer noopener nofollow\">stronie Wydzia\u0142u Neofilologii<\/a>.<\/p>\n<\/div><\/div><\/div><\/div><\/div>\n<\/div><\/div><\/div><\/div>\n<\/div><\/div><\/div><\/div><\/div><\/div>\n\n\n\n<p><\/p>\n<\/div><\/div><\/div><\/div><\/div><\/div>\n","protected":false},"excerpt":{"rendered":"<p>Dziekanat ul. \u015bw. Jadwigi 3\/4&nbsp;50-266 Wroc\u0142aw&nbsp;II pi\u0119tro, pok. 201-203&nbsp; Godziny przyjmowania interesant\u00f3w&nbsp; REGULACJE PRAWNE WZORY PODA\u0143 Wzory poda\u0144 oraz procedura ich sk\u0142adania zosta\u0142a szczeg\u00f3\u0142owo opisana na stronie Wydzia\u0142u Neofilologii.<\/p>\n","protected":false},"author":6723,"featured_media":24080,"parent":24857,"menu_order":2,"comment_status":"closed","ping_status":"closed","template":"","meta":{"_acf_changed":false,"inline_featured_image":false,"site-sidebar-layout":"default","site-content-layout":"","ast-site-content-layout":"default","site-content-style":"default","site-sidebar-style":"default","ast-global-header-display":"","ast-banner-title-visibility":"","ast-main-header-display":"","ast-hfb-above-header-display":"","ast-hfb-below-header-display":"","ast-hfb-mobile-header-display":"","site-post-title":"","ast-breadcrumbs-content":"","ast-featured-img":"","footer-sml-layout":"","ast-disable-related-posts":"","theme-transparent-header-meta":"","adv-header-id-meta":"","stick-header-meta":"","header-above-stick-meta":"","header-main-stick-meta":"","header-below-stick-meta":"","astra-migrate-meta-layouts":"set","ast-page-background-enabled":"default","ast-page-background-meta":{"desktop":{"background-color":"","background-image":"","background-repeat":"repeat","background-position":"center center","background-size":"auto","background-attachment":"scroll","background-type":"","background-media":"","overlay-type":"","overlay-color":"","overlay-opacity":"","overlay-gradient":""},"tablet":{"background-color":"","background-image":"","background-repeat":"repeat","background-position":"center center","background-size":"auto","background-attachment":"scroll","background-type":"","background-media":"","overlay-type":"","overlay-color":"","overlay-opacity":"","overlay-gradient":""},"mobile":{"background-color":"","background-image":"","background-repeat":"repeat","background-position":"center center","background-size":"auto","background-attachment":"scroll","background-type":"","background-media":"","overlay-type":"","overlay-color":"","overlay-opacity":"","overlay-gradient":""}},"ast-content-background-meta":{"desktop":{"background-color":"var(--ast-global-color-5)","background-image":"","background-repeat":"repeat","background-position":"center center","background-size":"auto","background-attachment":"scroll","background-type":"","background-media":"","overlay-type":"","overlay-color":"","overlay-opacity":"","overlay-gradient":""},"tablet":{"background-color":"var(--ast-global-color-5)","background-image":"","background-repeat":"repeat","background-position":"center center","background-size":"auto","background-attachment":"scroll","background-type":"","background-media":"","overlay-type":"","overlay-color":"","overlay-opacity":"","overlay-gradient":""},"mobile":{"background-color":"var(--ast-global-color-5)","background-image":"","background-repeat":"repeat","background-position":"center center","background-size":"auto","background-attachment":"scroll","background-type":"","background-media":"","overlay-type":"","overlay-color":"","overlay-opacity":"","overlay-gradient":""}},"footnotes":""},"categories":[],"tags":[],"class_list":["post-24914","page","type-page","status-publish","has-post-thumbnail","hentry"],"featured_image_urls_v2":{"full":["https:\/\/indologia.uwr.edu.pl\/wp-content\/uploads\/sites\/582\/2024\/09\/pexels-bhavitya-3224533-scaled.jpg",1920,2560,false],"thumbnail":["https:\/\/indologia.uwr.edu.pl\/wp-content\/uploads\/sites\/582\/2024\/09\/pexels-bhavitya-3224533-150x150.jpg",150,150,true],"medium":["https:\/\/indologia.uwr.edu.pl\/wp-content\/uploads\/sites\/582\/2024\/09\/pexels-bhavitya-3224533-225x300.jpg",225,300,true],"medium_large":["https:\/\/indologia.uwr.edu.pl\/wp-content\/uploads\/sites\/582\/2024\/09\/pexels-bhavitya-3224533-768x1024.jpg",768,1024,true],"large":["https:\/\/indologia.uwr.edu.pl\/wp-content\/uploads\/sites\/582\/2024\/09\/pexels-bhavitya-3224533-768x1024.jpg",768,1024,true],"1536x1536":["https:\/\/indologia.uwr.edu.pl\/wp-content\/uploads\/sites\/582\/2024\/09\/pexels-bhavitya-3224533-1152x1536.jpg",1152,1536,true],"2048x2048":["https:\/\/indologia.uwr.edu.pl\/wp-content\/uploads\/sites\/582\/2024\/09\/pexels-bhavitya-3224533-1536x2048.jpg",1536,2048,true],"menu-24x24":["https:\/\/indologia.uwr.edu.pl\/wp-content\/uploads\/sites\/582\/2024\/09\/pexels-bhavitya-3224533-18x24.jpg",18,24,true],"menu-36x36":["https:\/\/indologia.uwr.edu.pl\/wp-content\/uploads\/sites\/582\/2024\/09\/pexels-bhavitya-3224533-27x36.jpg",27,36,true],"menu-48x48":["https:\/\/indologia.uwr.edu.pl\/wp-content\/uploads\/sites\/582\/2024\/09\/pexels-bhavitya-3224533-36x48.jpg",36,48,true]},"post_excerpt_stackable_v2":"<p>Informacje dydaktyczne Dziekanat ul. \u015bw. Jadwigi 3\/4&nbsp;50-266 Wroc\u0142aw&nbsp;II pi\u0119tro, pok. 201-203&nbsp; Godziny przyjmowania interesant\u00f3w&nbsp; poniedzia\u0142ki: 10:00\u201314:00&nbsp;&nbsp; wtorki: 10:00\u201314:00&nbsp;&nbsp; \u015brody: nieczynne&nbsp;&nbsp; czwartki: 12:00\u201315:00 pi\u0105tki: 10:00\u201314:00&nbsp; soboty zjazdowe 10:00\u201314:00&nbsp; REGULACJE PRAWNE Regulamin studi\u00f3w na Uniwersytecie Wroc\u0142awskim Przepisy dotycz\u0105ce dokumentacji w USOS Deficyt ECTS i warunki ponownego wpisu na semestr studi\u00f3w WZORY PODA\u0143 Wzory poda\u0144 oraz procedura ich sk\u0142adania zosta\u0142a szczeg\u00f3\u0142owo opisana na stronie Wydzia\u0142u Neofilologii.<\/p>\n","category_list_v2":"Uncategorized","author_info_v2":{"name":"mmonkiewicz","url":"https:\/\/indologia.uwr.edu.pl\/en\/author\/mmonkiewicz\/"},"comments_num_v2":"0 comments","acf":[],"yoast_head":"<!-- This site is optimized with the Yoast SEO plugin v27.1.1 - https:\/\/yoast.com\/product\/yoast-seo-wordpress\/ -->\n<title>Informacje dydaktyczne - Testowa Witryna<\/title>\n<meta name=\"robots\" content=\"index, follow, max-snippet:-1, max-image-preview:large, max-video-preview:-1\" \/>\n<link rel=\"canonical\" href=\"https:\/\/indologia.uwr.edu.pl\/en\/dla-studenta\/informacje-dydaktyczne\/\" \/>\n<meta property=\"og:locale\" content=\"en_US\" \/>\n<meta property=\"og:type\" content=\"article\" \/>\n<meta property=\"og:title\" content=\"Informacje dydaktyczne - Testowa Witryna\" \/>\n<meta property=\"og:description\" content=\"Dziekanat ul. \u015bw. Jadwigi 3\/4&nbsp;50-266 Wroc\u0142aw&nbsp;II pi\u0119tro, pok. 201-203&nbsp; Godziny przyjmowania interesant\u00f3w&nbsp; REGULACJE PRAWNE WZORY PODA\u0143 Wzory poda\u0144 oraz procedura ich sk\u0142adania zosta\u0142a szczeg\u00f3\u0142owo opisana na stronie Wydzia\u0142u Neofilologii.\" \/>\n<meta property=\"og:url\" content=\"https:\/\/indologia.uwr.edu.pl\/en\/dla-studenta\/informacje-dydaktyczne\/\" \/>\n<meta property=\"og:site_name\" content=\"Testowa Witryna\" \/>\n<meta property=\"article:publisher\" content=\"https:\/\/www.facebook.com\/p\/Zakad-Filologii-Indyjskiej-UWr-100055157387493\/?_rdr\" \/>\n<meta property=\"article:modified_time\" content=\"2024-09-11T22:34:15+00:00\" \/>\n<meta property=\"og:image\" content=\"https:\/\/indologia.uwr.edu.pl\/wp-content\/uploads\/sites\/582\/2024\/09\/pexels-bhavitya-3224533-scaled.jpg\" \/>\n\t<meta property=\"og:image:width\" content=\"1920\" \/>\n\t<meta property=\"og:image:height\" content=\"2560\" \/>\n\t<meta property=\"og:image:type\" content=\"image\/jpeg\" \/>\n<meta name=\"twitter:card\" content=\"summary_large_image\" \/>\n<meta name=\"twitter:label1\" content=\"Est. reading time\" \/>\n\t<meta name=\"twitter:data1\" content=\"1 minute\" \/>\n<script type=\"application\/ld+json\" class=\"yoast-schema-graph\">{\"@context\":\"https:\/\/schema.org\",\"@graph\":[{\"@type\":\"WebPage\",\"@id\":\"https:\/\/indologia.uwr.edu.pl\/en\/dla-studenta\/informacje-dydaktyczne\/\",\"url\":\"https:\/\/indologia.uwr.edu.pl\/en\/dla-studenta\/informacje-dydaktyczne\/\",\"name\":\"Informacje dydaktyczne - Testowa Witryna\",\"isPartOf\":{\"@id\":\"https:\/\/indologia.uwr.edu.pl\/#website\"},\"primaryImageOfPage\":{\"@id\":\"https:\/\/indologia.uwr.edu.pl\/en\/dla-studenta\/informacje-dydaktyczne\/#primaryimage\"},\"image\":{\"@id\":\"https:\/\/indologia.uwr.edu.pl\/en\/dla-studenta\/informacje-dydaktyczne\/#primaryimage\"},\"thumbnailUrl\":\"https:\/\/indologia.uwr.edu.pl\/wp-content\/uploads\/sites\/582\/2024\/09\/pexels-bhavitya-3224533-scaled.jpg\",\"datePublished\":\"2024-09-11T19:57:25+00:00\",\"dateModified\":\"2024-09-11T22:34:15+00:00\",\"breadcrumb\":{\"@id\":\"https:\/\/indologia.uwr.edu.pl\/en\/dla-studenta\/informacje-dydaktyczne\/#breadcrumb\"},\"inLanguage\":\"en-US\",\"potentialAction\":[{\"@type\":\"ReadAction\",\"target\":[\"https:\/\/indologia.uwr.edu.pl\/en\/dla-studenta\/informacje-dydaktyczne\/\"]}]},{\"@type\":\"ImageObject\",\"inLanguage\":\"en-US\",\"@id\":\"https:\/\/indologia.uwr.edu.pl\/en\/dla-studenta\/informacje-dydaktyczne\/#primaryimage\",\"url\":\"https:\/\/indologia.uwr.edu.pl\/wp-content\/uploads\/sites\/582\/2024\/09\/pexels-bhavitya-3224533-scaled.jpg\",\"contentUrl\":\"https:\/\/indologia.uwr.edu.pl\/wp-content\/uploads\/sites\/582\/2024\/09\/pexels-bhavitya-3224533-scaled.jpg\",\"width\":1920,\"height\":2560,\"caption\":\"Tad\u017a Mahal\"},{\"@type\":\"BreadcrumbList\",\"@id\":\"https:\/\/indologia.uwr.edu.pl\/en\/dla-studenta\/informacje-dydaktyczne\/#breadcrumb\",\"itemListElement\":[{\"@type\":\"ListItem\",\"position\":1,\"name\":\"Strona g\u0142\u00f3wna\",\"item\":\"https:\/\/indologia.uwr.edu.pl\/en\/\"},{\"@type\":\"ListItem\",\"position\":2,\"name\":\"Dla studenta\",\"item\":\"https:\/\/indologia.uwr.edu.pl\/en\/dla-studenta\/\"},{\"@type\":\"ListItem\",\"position\":3,\"name\":\"Informacje dydaktyczne\"}]},{\"@type\":\"WebSite\",\"@id\":\"https:\/\/indologia.uwr.edu.pl\/#website\",\"url\":\"https:\/\/indologia.uwr.edu.pl\/\",\"name\":\"Zak\u0142ad Filologii Indyjskiej\",\"description\":\"Kolejna witryna sieci \u201eUWR Witryny\u201d\",\"publisher\":{\"@id\":\"https:\/\/indologia.uwr.edu.pl\/#organization\"},\"potentialAction\":[{\"@type\":\"SearchAction\",\"target\":{\"@type\":\"EntryPoint\",\"urlTemplate\":\"https:\/\/indologia.uwr.edu.pl\/?s={search_term_string}\"},\"query-input\":{\"@type\":\"PropertyValueSpecification\",\"valueRequired\":true,\"valueName\":\"search_term_string\"}}],\"inLanguage\":\"en-US\"},{\"@type\":\"Organization\",\"@id\":\"https:\/\/indologia.uwr.edu.pl\/#organization\",\"name\":\"Zak\u0142ad Filologii Indyjskiej\",\"url\":\"https:\/\/indologia.uwr.edu.pl\/\",\"logo\":{\"@type\":\"ImageObject\",\"inLanguage\":\"en-US\",\"@id\":\"https:\/\/indologia.uwr.edu.pl\/#\/schema\/logo\/image\/\",\"url\":\"https:\/\/indologia.uwr.edu.pl\/wp-content\/uploads\/sites\/582\/2025\/10\/UWr-logotyp-2025.png\",\"contentUrl\":\"https:\/\/indologia.uwr.edu.pl\/wp-content\/uploads\/sites\/582\/2025\/10\/UWr-logotyp-2025.png\",\"width\":764,\"height\":269,\"caption\":\"Zak\u0142ad Filologii Indyjskiej\"},\"image\":{\"@id\":\"https:\/\/indologia.uwr.edu.pl\/#\/schema\/logo\/image\/\"},\"sameAs\":[\"https:\/\/www.facebook.com\/p\/Zakad-Filologii-Indyjskiej-UWr-100055157387493\/?_rdr\"]}]}<\/script>\n<!-- \/ Yoast SEO plugin. -->","yoast_head_json":{"title":"Informacje dydaktyczne - Testowa Witryna","robots":{"index":"index","follow":"follow","max-snippet":"max-snippet:-1","max-image-preview":"max-image-preview:large","max-video-preview":"max-video-preview:-1"},"canonical":"https:\/\/indologia.uwr.edu.pl\/en\/dla-studenta\/informacje-dydaktyczne\/","og_locale":"en_US","og_type":"article","og_title":"Informacje dydaktyczne - Testowa Witryna","og_description":"Dziekanat ul. \u015bw. Jadwigi 3\/4&nbsp;50-266 Wroc\u0142aw&nbsp;II pi\u0119tro, pok. 201-203&nbsp; Godziny przyjmowania interesant\u00f3w&nbsp; REGULACJE PRAWNE WZORY PODA\u0143 Wzory poda\u0144 oraz procedura ich sk\u0142adania zosta\u0142a szczeg\u00f3\u0142owo opisana na stronie Wydzia\u0142u Neofilologii.","og_url":"https:\/\/indologia.uwr.edu.pl\/en\/dla-studenta\/informacje-dydaktyczne\/","og_site_name":"Testowa Witryna","article_publisher":"https:\/\/www.facebook.com\/p\/Zakad-Filologii-Indyjskiej-UWr-100055157387493\/?_rdr","article_modified_time":"2024-09-11T22:34:15+00:00","og_image":[{"width":1920,"height":2560,"url":"https:\/\/indologia.uwr.edu.pl\/wp-content\/uploads\/sites\/582\/2024\/09\/pexels-bhavitya-3224533-scaled.jpg","type":"image\/jpeg"}],"twitter_card":"summary_large_image","twitter_misc":{"Est. reading time":"1 minute"},"schema":{"@context":"https:\/\/schema.org","@graph":[{"@type":"WebPage","@id":"https:\/\/indologia.uwr.edu.pl\/en\/dla-studenta\/informacje-dydaktyczne\/","url":"https:\/\/indologia.uwr.edu.pl\/en\/dla-studenta\/informacje-dydaktyczne\/","name":"Informacje dydaktyczne - Testowa Witryna","isPartOf":{"@id":"https:\/\/indologia.uwr.edu.pl\/#website"},"primaryImageOfPage":{"@id":"https:\/\/indologia.uwr.edu.pl\/en\/dla-studenta\/informacje-dydaktyczne\/#primaryimage"},"image":{"@id":"https:\/\/indologia.uwr.edu.pl\/en\/dla-studenta\/informacje-dydaktyczne\/#primaryimage"},"thumbnailUrl":"https:\/\/indologia.uwr.edu.pl\/wp-content\/uploads\/sites\/582\/2024\/09\/pexels-bhavitya-3224533-scaled.jpg","datePublished":"2024-09-11T19:57:25+00:00","dateModified":"2024-09-11T22:34:15+00:00","breadcrumb":{"@id":"https:\/\/indologia.uwr.edu.pl\/en\/dla-studenta\/informacje-dydaktyczne\/#breadcrumb"},"inLanguage":"en-US","potentialAction":[{"@type":"ReadAction","target":["https:\/\/indologia.uwr.edu.pl\/en\/dla-studenta\/informacje-dydaktyczne\/"]}]},{"@type":"ImageObject","inLanguage":"en-US","@id":"https:\/\/indologia.uwr.edu.pl\/en\/dla-studenta\/informacje-dydaktyczne\/#primaryimage","url":"https:\/\/indologia.uwr.edu.pl\/wp-content\/uploads\/sites\/582\/2024\/09\/pexels-bhavitya-3224533-scaled.jpg","contentUrl":"https:\/\/indologia.uwr.edu.pl\/wp-content\/uploads\/sites\/582\/2024\/09\/pexels-bhavitya-3224533-scaled.jpg","width":1920,"height":2560,"caption":"Tad\u017a Mahal"},{"@type":"BreadcrumbList","@id":"https:\/\/indologia.uwr.edu.pl\/en\/dla-studenta\/informacje-dydaktyczne\/#breadcrumb","itemListElement":[{"@type":"ListItem","position":1,"name":"Strona g\u0142\u00f3wna","item":"https:\/\/indologia.uwr.edu.pl\/en\/"},{"@type":"ListItem","position":2,"name":"Dla studenta","item":"https:\/\/indologia.uwr.edu.pl\/en\/dla-studenta\/"},{"@type":"ListItem","position":3,"name":"Informacje dydaktyczne"}]},{"@type":"WebSite","@id":"https:\/\/indologia.uwr.edu.pl\/#website","url":"https:\/\/indologia.uwr.edu.pl\/","name":"Zak\u0142ad Filologii Indyjskiej","description":"Kolejna witryna sieci \u201eUWR Witryny\u201d","publisher":{"@id":"https:\/\/indologia.uwr.edu.pl\/#organization"},"potentialAction":[{"@type":"SearchAction","target":{"@type":"EntryPoint","urlTemplate":"https:\/\/indologia.uwr.edu.pl\/?s={search_term_string}"},"query-input":{"@type":"PropertyValueSpecification","valueRequired":true,"valueName":"search_term_string"}}],"inLanguage":"en-US"},{"@type":"Organization","@id":"https:\/\/indologia.uwr.edu.pl\/#organization","name":"Zak\u0142ad Filologii Indyjskiej","url":"https:\/\/indologia.uwr.edu.pl\/","logo":{"@type":"ImageObject","inLanguage":"en-US","@id":"https:\/\/indologia.uwr.edu.pl\/#\/schema\/logo\/image\/","url":"https:\/\/indologia.uwr.edu.pl\/wp-content\/uploads\/sites\/582\/2025\/10\/UWr-logotyp-2025.png","contentUrl":"https:\/\/indologia.uwr.edu.pl\/wp-content\/uploads\/sites\/582\/2025\/10\/UWr-logotyp-2025.png","width":764,"height":269,"caption":"Zak\u0142ad Filologii Indyjskiej"},"image":{"@id":"https:\/\/indologia.uwr.edu.pl\/#\/schema\/logo\/image\/"},"sameAs":["https:\/\/www.facebook.com\/p\/Zakad-Filologii-Indyjskiej-UWr-100055157387493\/?_rdr"]}]}},"publishpress_future_action":{"enabled":false,"date":"2026-05-07 17:05:38","action":"change-status","newStatus":"draft","terms":[],"taxonomy":"category","extraData":[]},"publishpress_future_workflow_manual_trigger":{"enabledWorkflows":[]},"_links":{"self":[{"href":"https:\/\/indologia.uwr.edu.pl\/en\/wp-json\/wp\/v2\/pages\/24914\/"}],"collection":[{"href":"https:\/\/indologia.uwr.edu.pl\/en\/wp-json\/wp\/v2\/pages\/"}],"about":[{"href":"https:\/\/indologia.uwr.edu.pl\/en\/wp-json\/wp\/v2\/types\/page\/"}],"author":[{"embeddable":true,"href":"https:\/\/indologia.uwr.edu.pl\/en\/wp-json\/wp\/v2\/users\/6723\/"}],"replies":[{"embeddable":true,"href":"https:\/\/indologia.uwr.edu.pl\/en\/wp-json\/wp\/v2\/comments\/?post=24914"}],"version-history":[{"count":1,"href":"https:\/\/indologia.uwr.edu.pl\/en\/wp-json\/wp\/v2\/pages\/24914\/revisions\/"}],"predecessor-version":[{"id":24920,"href":"https:\/\/indologia.uwr.edu.pl\/en\/wp-json\/wp\/v2\/pages\/24914\/revisions\/24920\/"}],"up":[{"embeddable":true,"href":"https:\/\/indologia.uwr.edu.pl\/en\/wp-json\/wp\/v2\/pages\/24857\/"}],"wp:featuredmedia":[{"embeddable":true,"href":"https:\/\/indologia.uwr.edu.pl\/en\/wp-json\/wp\/v2\/media\/24080\/"}],"wp:attachment":[{"href":"https:\/\/indologia.uwr.edu.pl\/en\/wp-json\/wp\/v2\/media\/?parent=24914"}],"wp:term":[{"taxonomy":"category","embeddable":true,"href":"https:\/\/indologia.uwr.edu.pl\/en\/wp-json\/wp\/v2\/categories\/?post=24914"},{"taxonomy":"post_tag","embeddable":true,"href":"https:\/\/indologia.uwr.edu.pl\/en\/wp-json\/wp\/v2\/tags\/?post=24914"}],"curies":[{"name":"wp","href":"https:\/\/api.w.org\/{rel}","templated":true}]}}