{"id":24929,"date":"2024-09-11T18:53:45","date_gmt":"2024-09-11T16:53:45","guid":{"rendered":"https:\/\/indologia.uwr.edu.pl\/dla-studenta\/stypendia-w-indiach\/"},"modified":"2024-09-12T00:35:49","modified_gmt":"2024-09-11T22:35:49","slug":"stypendia-w-indiach","status":"publish","type":"page","link":"https:\/\/indologia.uwr.edu.pl\/en\/dla-studenta\/stypendia-w-indiach\/","title":{"rendered":"Stypendia w Indiach"},"content":{"rendered":"\n<div class=\"wp-block-ugb-container ugb-container blok_nowa_podstrona ugb-8dda971 ugb-container--v2 ugb-container--design-plain ugb-main-block\"><div class=\"ugb-inner-block\"><div class=\"ugb-block-content\"><div class=\"ugb-container__wrapper ugb-8dda971-wrapper\"><div class=\"ugb-container__side\"><div class=\"ugb-container__content-wrapper ugb-8dda971-content-wrapper\">\n<div class=\"wp-block-columns bs-news-page is-layout-flex wp-block-columns-is-layout-flex\">\n<div class=\"wp-block-column bs-kontakt-photo is-layout-flow wp-block-column-is-layout-flow\">\n<figure class=\"wp-block-image size-full\"><img loading=\"lazy\" decoding=\"async\" width=\"1920\" height=\"2560\" src=\"https:\/\/indologia.uwr.edu.pl\/wp-content\/uploads\/sites\/582\/2024\/09\/pexels-rohan-chowdhury-1448839-2815093-scaled.jpg\" alt=\"Stypendia w Indiach - \u015bwi\u0105tynia buddyjska\" class=\"wp-image-24461\" srcset=\"https:\/\/indologia.uwr.edu.pl\/wp-content\/uploads\/sites\/582\/2024\/09\/pexels-rohan-chowdhury-1448839-2815093-scaled.jpg 1920w, https:\/\/indologia.uwr.edu.pl\/wp-content\/uploads\/sites\/582\/2024\/09\/pexels-rohan-chowdhury-1448839-2815093-225x300.jpg 225w, https:\/\/indologia.uwr.edu.pl\/wp-content\/uploads\/sites\/582\/2024\/09\/pexels-rohan-chowdhury-1448839-2815093-768x1024.jpg 768w, https:\/\/indologia.uwr.edu.pl\/wp-content\/uploads\/sites\/582\/2024\/09\/pexels-rohan-chowdhury-1448839-2815093-1152x1536.jpg 1152w, https:\/\/indologia.uwr.edu.pl\/wp-content\/uploads\/sites\/582\/2024\/09\/pexels-rohan-chowdhury-1448839-2815093-1536x2048.jpg 1536w, https:\/\/indologia.uwr.edu.pl\/wp-content\/uploads\/sites\/582\/2024\/09\/pexels-rohan-chowdhury-1448839-2815093-1320x1760.jpg 1320w, https:\/\/indologia.uwr.edu.pl\/wp-content\/uploads\/sites\/582\/2024\/09\/pexels-rohan-chowdhury-1448839-2815093-18x24.jpg 18w, https:\/\/indologia.uwr.edu.pl\/wp-content\/uploads\/sites\/582\/2024\/09\/pexels-rohan-chowdhury-1448839-2815093-27x36.jpg 27w, https:\/\/indologia.uwr.edu.pl\/wp-content\/uploads\/sites\/582\/2024\/09\/pexels-rohan-chowdhury-1448839-2815093-36x48.jpg 36w\" sizes=\"auto, (max-width: 1920px) 100vw, 1920px\" \/><\/figure>\n<\/div>\n\n\n\n<div class=\"wp-block-column bs-contact-right-column is-layout-flow wp-block-column-is-layout-flow\">\n<div class=\"wp-block-bonasoft-modular-breadcrumbs-block\"><div class=\"bs_add_breadcrumb_trail\"><\/div><\/div>\n\n\n\n<hr class=\"wp-block-separator has-text-color has-black-color has-css-opacity has-black-background-color has-background is-style-wide bs-border-kontakt\"\/>\n\n\n<h1 style=\"font-style:normal;font-weight:700;\" class=\"bs-naglowek-podstrony wp-block-post-title\">Stypendia w Indiach<\/h1>\n\n\n<p>Studenci filologii indyjskiej maj\u0105 mo\u017cliwo\u015b\u0107 wyjazdu na semestralne lub roczne stypendia do Indii. Dost\u0119pne s\u0105 dwa typy takich program\u00f3w: stypendium rz\u0105du indyjskiego w Kendriya Hindi Sansthan \u2013 Centralnym Instytucie Hindi w Agrze oraz stypendia ICCR \u2013 The Indian Council for Cultural Relations.<\/p>\n<\/div>\n<\/div>\n\n\n\n<div class=\"wp-block-ugb-container ugb-container bs-news-page-under ugb-f8694ce ugb-container--v2 ugb-container--design-plain ugb-main-block\"><div class=\"ugb-inner-block\"><div class=\"ugb-block-content\"><div class=\"ugb-container__wrapper ugb-f8694ce-wrapper\"><div class=\"ugb-container__side\"><div class=\"ugb-container__content-wrapper ugb-f8694ce-content-wrapper\">\n<p>Stypendium w Centralnym Instytucie Hindi jest nastawione przede wszystkim na intensywn\u0105 nauk\u0119 hindi, a tak\u017ce poznawanie literatury tworzonej w tym j\u0119zyku, poza tym instytut prowadzi dla zainteresowanych kursy gry na tradycyjnym indyjskim instrumencie (tabla, sitar), \u015bpiewu, klasycznego ta\u0144ca indyjskiego (g\u0142\u00f3wnie kathak) oraz jogi. Rz\u0105d indyjski op\u0142aca stypendystom bilet lotniczy w obie strony, zakwaterowanie w akademiku, wy\u017cywienie i koszty kursu; studenci otrzymuj\u0105 ponadto co miesi\u0105c niewielkie kieszonkowe.<\/p>\n\n\n\n<p class=\"has-text-align-right\">Wi\u0119cej informacji znajduje si\u0119 na stronie\u00a0<a href=\"https:\/\/www.indianembassywarsaw.gov.in\/eoi.php?id=Kendriya\">ambasady Indii<\/a>.<\/p>\n\n\n\n<p>ICCR oferuje r\u00f3\u017cnorodne programy nauczania, w\u0142\u0105czaj\u0105c studia dotycz\u0105ce j\u0119zyka, klasycznej muzyki, ta\u0144ca, malarstwa i rze\u017aby. Studenci maj\u0105 op\u0142acone koszty kursu oraz zakwaterowania w akademiku.<\/p>\n\n\n\n<p class=\"has-text-align-right\">Wi\u0119cej informacji na stronie\u00a0<a href=\"http:\/\/www.iccr.gov.in\/\">ICCR<\/a>\u00a0oraz\u00a0<a href=\"https:\/\/www.indianembassywarsaw.gov.in\/eoi.php?id=ICCR\">ambasady Indii<\/a>.<\/p>\n<\/div><\/div><\/div><\/div><\/div><\/div>\n<\/div><\/div><\/div><\/div><\/div><\/div>\n","protected":false},"excerpt":{"rendered":"<p>Studenci filologii indyjskiej maj\u0105 mo\u017cliwo\u015b\u0107 wyjazdu na semestralne lub roczne stypendia do Indii. Dost\u0119pne s\u0105 dwa typy takich program\u00f3w: stypendium rz\u0105du indyjskiego w Kendriya Hindi Sansthan \u2013 Centralnym Instytucie Hindi w Agrze oraz stypendia ICCR \u2013 The Indian Council for Cultural Relations. Stypendium w Centralnym Instytucie Hindi jest nastawione przede wszystkim na intensywn\u0105 nauk\u0119 hindi, [&hellip;]<\/p>\n","protected":false},"author":6723,"featured_media":24080,"parent":24857,"menu_order":4,"comment_status":"closed","ping_status":"closed","template":"","meta":{"_acf_changed":false,"inline_featured_image":false,"site-sidebar-layout":"default","site-content-layout":"","ast-site-content-layout":"default","site-content-style":"default","site-sidebar-style":"default","ast-global-header-display":"","ast-banner-title-visibility":"","ast-main-header-display":"","ast-hfb-above-header-display":"","ast-hfb-below-header-display":"","ast-hfb-mobile-header-display":"","site-post-title":"","ast-breadcrumbs-content":"","ast-featured-img":"","footer-sml-layout":"","ast-disable-related-posts":"","theme-transparent-header-meta":"","adv-header-id-meta":"","stick-header-meta":"","header-above-stick-meta":"","header-main-stick-meta":"","header-below-stick-meta":"","astra-migrate-meta-layouts":"set","ast-page-background-enabled":"default","ast-page-background-meta":{"desktop":{"background-color":"","background-image":"","background-repeat":"repeat","background-position":"center center","background-size":"auto","background-attachment":"scroll","background-type":"","background-media":"","overlay-type":"","overlay-color":"","overlay-opacity":"","overlay-gradient":""},"tablet":{"background-color":"","background-image":"","background-repeat":"repeat","background-position":"center center","background-size":"auto","background-attachment":"scroll","background-type":"","background-media":"","overlay-type":"","overlay-color":"","overlay-opacity":"","overlay-gradient":""},"mobile":{"background-color":"","background-image":"","background-repeat":"repeat","background-position":"center center","background-size":"auto","background-attachment":"scroll","background-type":"","background-media":"","overlay-type":"","overlay-color":"","overlay-opacity":"","overlay-gradient":""}},"ast-content-background-meta":{"desktop":{"background-color":"var(--ast-global-color-5)","background-image":"","background-repeat":"repeat","background-position":"center center","background-size":"auto","background-attachment":"scroll","background-type":"","background-media":"","overlay-type":"","overlay-color":"","overlay-opacity":"","overlay-gradient":""},"tablet":{"background-color":"var(--ast-global-color-5)","background-image":"","background-repeat":"repeat","background-position":"center center","background-size":"auto","background-attachment":"scroll","background-type":"","background-media":"","overlay-type":"","overlay-color":"","overlay-opacity":"","overlay-gradient":""},"mobile":{"background-color":"var(--ast-global-color-5)","background-image":"","background-repeat":"repeat","background-position":"center center","background-size":"auto","background-attachment":"scroll","background-type":"","background-media":"","overlay-type":"","overlay-color":"","overlay-opacity":"","overlay-gradient":""}},"footnotes":""},"categories":[],"tags":[],"class_list":["post-24929","page","type-page","status-publish","has-post-thumbnail","hentry"],"featured_image_urls_v2":{"full":["https:\/\/indologia.uwr.edu.pl\/wp-content\/uploads\/sites\/582\/2024\/09\/pexels-bhavitya-3224533-scaled.jpg",1920,2560,false],"thumbnail":["https:\/\/indologia.uwr.edu.pl\/wp-content\/uploads\/sites\/582\/2024\/09\/pexels-bhavitya-3224533-150x150.jpg",150,150,true],"medium":["https:\/\/indologia.uwr.edu.pl\/wp-content\/uploads\/sites\/582\/2024\/09\/pexels-bhavitya-3224533-225x300.jpg",225,300,true],"medium_large":["https:\/\/indologia.uwr.edu.pl\/wp-content\/uploads\/sites\/582\/2024\/09\/pexels-bhavitya-3224533-768x1024.jpg",768,1024,true],"large":["https:\/\/indologia.uwr.edu.pl\/wp-content\/uploads\/sites\/582\/2024\/09\/pexels-bhavitya-3224533-768x1024.jpg",768,1024,true],"1536x1536":["https:\/\/indologia.uwr.edu.pl\/wp-content\/uploads\/sites\/582\/2024\/09\/pexels-bhavitya-3224533-1152x1536.jpg",1152,1536,true],"2048x2048":["https:\/\/indologia.uwr.edu.pl\/wp-content\/uploads\/sites\/582\/2024\/09\/pexels-bhavitya-3224533-1536x2048.jpg",1536,2048,true],"menu-24x24":["https:\/\/indologia.uwr.edu.pl\/wp-content\/uploads\/sites\/582\/2024\/09\/pexels-bhavitya-3224533-18x24.jpg",18,24,true],"menu-36x36":["https:\/\/indologia.uwr.edu.pl\/wp-content\/uploads\/sites\/582\/2024\/09\/pexels-bhavitya-3224533-27x36.jpg",27,36,true],"menu-48x48":["https:\/\/indologia.uwr.edu.pl\/wp-content\/uploads\/sites\/582\/2024\/09\/pexels-bhavitya-3224533-36x48.jpg",36,48,true]},"post_excerpt_stackable_v2":"<p>Stypendia w Indiach Studenci filologii indyjskiej maj\u0105 mo\u017cliwo\u015b\u0107 wyjazdu na semestralne lub roczne stypendia do Indii. Dost\u0119pne s\u0105 dwa typy takich program\u00f3w: stypendium rz\u0105du indyjskiego w Kendriya Hindi Sansthan \u2013 Centralnym Instytucie Hindi w Agrze oraz stypendia ICCR \u2013 The Indian Council for Cultural Relations. Stypendium w Centralnym Instytucie Hindi jest nastawione przede wszystkim na intensywn\u0105 nauk\u0119 hindi, a tak\u017ce poznawanie literatury tworzonej w tym j\u0119zyku, poza tym instytut prowadzi dla zainteresowanych kursy gry na tradycyjnym indyjskim instrumencie (tabla, sitar), \u015bpiewu, klasycznego ta\u0144ca indyjskiego (g\u0142\u00f3wnie kathak) oraz jogi. Rz\u0105d indyjski op\u0142aca stypendystom bilet lotniczy w obie strony, zakwaterowanie w akademiku,&hellip;<\/p>\n","category_list_v2":"Uncategorized","author_info_v2":{"name":"mmonkiewicz","url":"https:\/\/indologia.uwr.edu.pl\/en\/author\/mmonkiewicz\/"},"comments_num_v2":"0 comments","acf":[],"yoast_head":"<!-- This site is optimized with the Yoast SEO plugin v27.1.1 - https:\/\/yoast.com\/product\/yoast-seo-wordpress\/ -->\n<title>Stypendia w Indiach - Testowa Witryna<\/title>\n<meta name=\"robots\" content=\"index, follow, max-snippet:-1, max-image-preview:large, max-video-preview:-1\" \/>\n<link rel=\"canonical\" href=\"https:\/\/indologia.uwr.edu.pl\/en\/dla-studenta\/stypendia-w-indiach\/\" \/>\n<meta property=\"og:locale\" content=\"en_US\" \/>\n<meta property=\"og:type\" content=\"article\" \/>\n<meta property=\"og:title\" content=\"Stypendia w Indiach - Testowa Witryna\" \/>\n<meta property=\"og:description\" content=\"Studenci filologii indyjskiej maj\u0105 mo\u017cliwo\u015b\u0107 wyjazdu na semestralne lub roczne stypendia do Indii. Dost\u0119pne s\u0105 dwa typy takich program\u00f3w: stypendium rz\u0105du indyjskiego w Kendriya Hindi Sansthan \u2013 Centralnym Instytucie Hindi w Agrze oraz stypendia ICCR \u2013 The Indian Council for Cultural Relations. Stypendium w Centralnym Instytucie Hindi jest nastawione przede wszystkim na intensywn\u0105 nauk\u0119 hindi, [&hellip;]\" \/>\n<meta property=\"og:url\" content=\"https:\/\/indologia.uwr.edu.pl\/en\/dla-studenta\/stypendia-w-indiach\/\" \/>\n<meta property=\"og:site_name\" content=\"Testowa Witryna\" \/>\n<meta property=\"article:publisher\" content=\"https:\/\/www.facebook.com\/p\/Zakad-Filologii-Indyjskiej-UWr-100055157387493\/?_rdr\" \/>\n<meta property=\"article:modified_time\" content=\"2024-09-11T22:35:49+00:00\" \/>\n<meta property=\"og:image\" content=\"https:\/\/indologia.uwr.edu.pl\/wp-content\/uploads\/sites\/582\/2024\/09\/pexels-bhavitya-3224533-scaled.jpg\" \/>\n\t<meta property=\"og:image:width\" content=\"1920\" \/>\n\t<meta property=\"og:image:height\" content=\"2560\" \/>\n\t<meta property=\"og:image:type\" content=\"image\/jpeg\" \/>\n<meta name=\"twitter:card\" content=\"summary_large_image\" \/>\n<meta name=\"twitter:label1\" content=\"Est. reading time\" \/>\n\t<meta name=\"twitter:data1\" content=\"2 minutes\" \/>\n<script type=\"application\/ld+json\" class=\"yoast-schema-graph\">{\"@context\":\"https:\/\/schema.org\",\"@graph\":[{\"@type\":\"WebPage\",\"@id\":\"https:\/\/indologia.uwr.edu.pl\/en\/dla-studenta\/stypendia-w-indiach\/\",\"url\":\"https:\/\/indologia.uwr.edu.pl\/en\/dla-studenta\/stypendia-w-indiach\/\",\"name\":\"Stypendia w Indiach - Testowa Witryna\",\"isPartOf\":{\"@id\":\"https:\/\/indologia.uwr.edu.pl\/#website\"},\"primaryImageOfPage\":{\"@id\":\"https:\/\/indologia.uwr.edu.pl\/en\/dla-studenta\/stypendia-w-indiach\/#primaryimage\"},\"image\":{\"@id\":\"https:\/\/indologia.uwr.edu.pl\/en\/dla-studenta\/stypendia-w-indiach\/#primaryimage\"},\"thumbnailUrl\":\"https:\/\/indologia.uwr.edu.pl\/wp-content\/uploads\/sites\/582\/2024\/09\/pexels-bhavitya-3224533-scaled.jpg\",\"datePublished\":\"2024-09-11T16:53:45+00:00\",\"dateModified\":\"2024-09-11T22:35:49+00:00\",\"breadcrumb\":{\"@id\":\"https:\/\/indologia.uwr.edu.pl\/en\/dla-studenta\/stypendia-w-indiach\/#breadcrumb\"},\"inLanguage\":\"en-US\",\"potentialAction\":[{\"@type\":\"ReadAction\",\"target\":[\"https:\/\/indologia.uwr.edu.pl\/en\/dla-studenta\/stypendia-w-indiach\/\"]}]},{\"@type\":\"ImageObject\",\"inLanguage\":\"en-US\",\"@id\":\"https:\/\/indologia.uwr.edu.pl\/en\/dla-studenta\/stypendia-w-indiach\/#primaryimage\",\"url\":\"https:\/\/indologia.uwr.edu.pl\/wp-content\/uploads\/sites\/582\/2024\/09\/pexels-bhavitya-3224533-scaled.jpg\",\"contentUrl\":\"https:\/\/indologia.uwr.edu.pl\/wp-content\/uploads\/sites\/582\/2024\/09\/pexels-bhavitya-3224533-scaled.jpg\",\"width\":1920,\"height\":2560,\"caption\":\"Tad\u017a Mahal\"},{\"@type\":\"BreadcrumbList\",\"@id\":\"https:\/\/indologia.uwr.edu.pl\/en\/dla-studenta\/stypendia-w-indiach\/#breadcrumb\",\"itemListElement\":[{\"@type\":\"ListItem\",\"position\":1,\"name\":\"Strona g\u0142\u00f3wna\",\"item\":\"https:\/\/indologia.uwr.edu.pl\/en\/\"},{\"@type\":\"ListItem\",\"position\":2,\"name\":\"Dla studenta\",\"item\":\"https:\/\/indologia.uwr.edu.pl\/en\/dla-studenta\/\"},{\"@type\":\"ListItem\",\"position\":3,\"name\":\"Stypendia w Indiach\"}]},{\"@type\":\"WebSite\",\"@id\":\"https:\/\/indologia.uwr.edu.pl\/#website\",\"url\":\"https:\/\/indologia.uwr.edu.pl\/\",\"name\":\"Zak\u0142ad Filologii Indyjskiej\",\"description\":\"Kolejna witryna sieci \u201eUWR Witryny\u201d\",\"publisher\":{\"@id\":\"https:\/\/indologia.uwr.edu.pl\/#organization\"},\"potentialAction\":[{\"@type\":\"SearchAction\",\"target\":{\"@type\":\"EntryPoint\",\"urlTemplate\":\"https:\/\/indologia.uwr.edu.pl\/?s={search_term_string}\"},\"query-input\":{\"@type\":\"PropertyValueSpecification\",\"valueRequired\":true,\"valueName\":\"search_term_string\"}}],\"inLanguage\":\"en-US\"},{\"@type\":\"Organization\",\"@id\":\"https:\/\/indologia.uwr.edu.pl\/#organization\",\"name\":\"Zak\u0142ad Filologii Indyjskiej\",\"url\":\"https:\/\/indologia.uwr.edu.pl\/\",\"logo\":{\"@type\":\"ImageObject\",\"inLanguage\":\"en-US\",\"@id\":\"https:\/\/indologia.uwr.edu.pl\/#\/schema\/logo\/image\/\",\"url\":\"https:\/\/indologia.uwr.edu.pl\/wp-content\/uploads\/sites\/582\/2025\/10\/UWr-logotyp-2025.png\",\"contentUrl\":\"https:\/\/indologia.uwr.edu.pl\/wp-content\/uploads\/sites\/582\/2025\/10\/UWr-logotyp-2025.png\",\"width\":764,\"height\":269,\"caption\":\"Zak\u0142ad Filologii Indyjskiej\"},\"image\":{\"@id\":\"https:\/\/indologia.uwr.edu.pl\/#\/schema\/logo\/image\/\"},\"sameAs\":[\"https:\/\/www.facebook.com\/p\/Zakad-Filologii-Indyjskiej-UWr-100055157387493\/?_rdr\"]}]}<\/script>\n<!-- \/ Yoast SEO plugin. -->","yoast_head_json":{"title":"Stypendia w Indiach - Testowa Witryna","robots":{"index":"index","follow":"follow","max-snippet":"max-snippet:-1","max-image-preview":"max-image-preview:large","max-video-preview":"max-video-preview:-1"},"canonical":"https:\/\/indologia.uwr.edu.pl\/en\/dla-studenta\/stypendia-w-indiach\/","og_locale":"en_US","og_type":"article","og_title":"Stypendia w Indiach - Testowa Witryna","og_description":"Studenci filologii indyjskiej maj\u0105 mo\u017cliwo\u015b\u0107 wyjazdu na semestralne lub roczne stypendia do Indii. Dost\u0119pne s\u0105 dwa typy takich program\u00f3w: stypendium rz\u0105du indyjskiego w Kendriya Hindi Sansthan \u2013 Centralnym Instytucie Hindi w Agrze oraz stypendia ICCR \u2013 The Indian Council for Cultural Relations. Stypendium w Centralnym Instytucie Hindi jest nastawione przede wszystkim na intensywn\u0105 nauk\u0119 hindi, [&hellip;]","og_url":"https:\/\/indologia.uwr.edu.pl\/en\/dla-studenta\/stypendia-w-indiach\/","og_site_name":"Testowa Witryna","article_publisher":"https:\/\/www.facebook.com\/p\/Zakad-Filologii-Indyjskiej-UWr-100055157387493\/?_rdr","article_modified_time":"2024-09-11T22:35:49+00:00","og_image":[{"width":1920,"height":2560,"url":"https:\/\/indologia.uwr.edu.pl\/wp-content\/uploads\/sites\/582\/2024\/09\/pexels-bhavitya-3224533-scaled.jpg","type":"image\/jpeg"}],"twitter_card":"summary_large_image","twitter_misc":{"Est. reading time":"2 minutes"},"schema":{"@context":"https:\/\/schema.org","@graph":[{"@type":"WebPage","@id":"https:\/\/indologia.uwr.edu.pl\/en\/dla-studenta\/stypendia-w-indiach\/","url":"https:\/\/indologia.uwr.edu.pl\/en\/dla-studenta\/stypendia-w-indiach\/","name":"Stypendia w Indiach - Testowa Witryna","isPartOf":{"@id":"https:\/\/indologia.uwr.edu.pl\/#website"},"primaryImageOfPage":{"@id":"https:\/\/indologia.uwr.edu.pl\/en\/dla-studenta\/stypendia-w-indiach\/#primaryimage"},"image":{"@id":"https:\/\/indologia.uwr.edu.pl\/en\/dla-studenta\/stypendia-w-indiach\/#primaryimage"},"thumbnailUrl":"https:\/\/indologia.uwr.edu.pl\/wp-content\/uploads\/sites\/582\/2024\/09\/pexels-bhavitya-3224533-scaled.jpg","datePublished":"2024-09-11T16:53:45+00:00","dateModified":"2024-09-11T22:35:49+00:00","breadcrumb":{"@id":"https:\/\/indologia.uwr.edu.pl\/en\/dla-studenta\/stypendia-w-indiach\/#breadcrumb"},"inLanguage":"en-US","potentialAction":[{"@type":"ReadAction","target":["https:\/\/indologia.uwr.edu.pl\/en\/dla-studenta\/stypendia-w-indiach\/"]}]},{"@type":"ImageObject","inLanguage":"en-US","@id":"https:\/\/indologia.uwr.edu.pl\/en\/dla-studenta\/stypendia-w-indiach\/#primaryimage","url":"https:\/\/indologia.uwr.edu.pl\/wp-content\/uploads\/sites\/582\/2024\/09\/pexels-bhavitya-3224533-scaled.jpg","contentUrl":"https:\/\/indologia.uwr.edu.pl\/wp-content\/uploads\/sites\/582\/2024\/09\/pexels-bhavitya-3224533-scaled.jpg","width":1920,"height":2560,"caption":"Tad\u017a Mahal"},{"@type":"BreadcrumbList","@id":"https:\/\/indologia.uwr.edu.pl\/en\/dla-studenta\/stypendia-w-indiach\/#breadcrumb","itemListElement":[{"@type":"ListItem","position":1,"name":"Strona g\u0142\u00f3wna","item":"https:\/\/indologia.uwr.edu.pl\/en\/"},{"@type":"ListItem","position":2,"name":"Dla studenta","item":"https:\/\/indologia.uwr.edu.pl\/en\/dla-studenta\/"},{"@type":"ListItem","position":3,"name":"Stypendia w Indiach"}]},{"@type":"WebSite","@id":"https:\/\/indologia.uwr.edu.pl\/#website","url":"https:\/\/indologia.uwr.edu.pl\/","name":"Zak\u0142ad Filologii Indyjskiej","description":"Kolejna witryna sieci \u201eUWR Witryny\u201d","publisher":{"@id":"https:\/\/indologia.uwr.edu.pl\/#organization"},"potentialAction":[{"@type":"SearchAction","target":{"@type":"EntryPoint","urlTemplate":"https:\/\/indologia.uwr.edu.pl\/?s={search_term_string}"},"query-input":{"@type":"PropertyValueSpecification","valueRequired":true,"valueName":"search_term_string"}}],"inLanguage":"en-US"},{"@type":"Organization","@id":"https:\/\/indologia.uwr.edu.pl\/#organization","name":"Zak\u0142ad Filologii Indyjskiej","url":"https:\/\/indologia.uwr.edu.pl\/","logo":{"@type":"ImageObject","inLanguage":"en-US","@id":"https:\/\/indologia.uwr.edu.pl\/#\/schema\/logo\/image\/","url":"https:\/\/indologia.uwr.edu.pl\/wp-content\/uploads\/sites\/582\/2025\/10\/UWr-logotyp-2025.png","contentUrl":"https:\/\/indologia.uwr.edu.pl\/wp-content\/uploads\/sites\/582\/2025\/10\/UWr-logotyp-2025.png","width":764,"height":269,"caption":"Zak\u0142ad Filologii Indyjskiej"},"image":{"@id":"https:\/\/indologia.uwr.edu.pl\/#\/schema\/logo\/image\/"},"sameAs":["https:\/\/www.facebook.com\/p\/Zakad-Filologii-Indyjskiej-UWr-100055157387493\/?_rdr"]}]}},"publishpress_future_action":{"enabled":false,"date":"2026-05-07 06:11:58","action":"change-status","newStatus":"draft","terms":[],"taxonomy":"category","extraData":[]},"publishpress_future_workflow_manual_trigger":{"enabledWorkflows":[]},"_links":{"self":[{"href":"https:\/\/indologia.uwr.edu.pl\/en\/wp-json\/wp\/v2\/pages\/24929\/"}],"collection":[{"href":"https:\/\/indologia.uwr.edu.pl\/en\/wp-json\/wp\/v2\/pages\/"}],"about":[{"href":"https:\/\/indologia.uwr.edu.pl\/en\/wp-json\/wp\/v2\/types\/page\/"}],"author":[{"embeddable":true,"href":"https:\/\/indologia.uwr.edu.pl\/en\/wp-json\/wp\/v2\/users\/6723\/"}],"replies":[{"embeddable":true,"href":"https:\/\/indologia.uwr.edu.pl\/en\/wp-json\/wp\/v2\/comments\/?post=24929"}],"version-history":[{"count":1,"href":"https:\/\/indologia.uwr.edu.pl\/en\/wp-json\/wp\/v2\/pages\/24929\/revisions\/"}],"predecessor-version":[{"id":24932,"href":"https:\/\/indologia.uwr.edu.pl\/en\/wp-json\/wp\/v2\/pages\/24929\/revisions\/24932\/"}],"up":[{"embeddable":true,"href":"https:\/\/indologia.uwr.edu.pl\/en\/wp-json\/wp\/v2\/pages\/24857\/"}],"wp:featuredmedia":[{"embeddable":true,"href":"https:\/\/indologia.uwr.edu.pl\/en\/wp-json\/wp\/v2\/media\/24080\/"}],"wp:attachment":[{"href":"https:\/\/indologia.uwr.edu.pl\/en\/wp-json\/wp\/v2\/media\/?parent=24929"}],"wp:term":[{"taxonomy":"category","embeddable":true,"href":"https:\/\/indologia.uwr.edu.pl\/en\/wp-json\/wp\/v2\/categories\/?post=24929"},{"taxonomy":"post_tag","embeddable":true,"href":"https:\/\/indologia.uwr.edu.pl\/en\/wp-json\/wp\/v2\/tags\/?post=24929"}],"curies":[{"name":"wp","href":"https:\/\/api.w.org\/{rel}","templated":true}]}}