{"id":24944,"date":"2022-03-30T11:39:51","date_gmt":"2022-03-30T09:39:51","guid":{"rendered":"https:\/\/indologia.uwr.edu.pl\/mapa-strony\/"},"modified":"2024-09-12T14:09:25","modified_gmt":"2024-09-12T12:09:25","slug":"mapa-strony","status":"publish","type":"page","link":"https:\/\/indologia.uwr.edu.pl\/en\/mapa-strony\/","title":{"rendered":"Mapa Strony"},"content":{"rendered":"\n<div class=\"wp-block-media-text alignwide is-stacked-on-mobile is-image-fill bs-news-page bs-page-links\"><figure class=\"wp-block-media-text__media\" style=\"background-image:url(https:\/\/indologia.uwr.edu.pl\/wp-content\/uploads\/sites\/582\/2021\/04\/1-40-of-49-1024x683.jpg);background-position:50% 50%\"><img loading=\"lazy\" decoding=\"async\" width=\"1024\" height=\"683\" src=\"https:\/\/indologia.uwr.edu.pl\/wp-content\/uploads\/sites\/582\/2021\/04\/1-40-of-49-1024x683.jpg\" alt=\"Ksi\u0105\u017cki\" class=\"wp-image-1053 size-full\" srcset=\"https:\/\/indologia.uwr.edu.pl\/wp-content\/uploads\/sites\/582\/2021\/04\/1-40-of-49-1024x683.jpg 1024w, https:\/\/indologia.uwr.edu.pl\/wp-content\/uploads\/sites\/582\/2021\/04\/1-40-of-49-300x200.jpg 300w, https:\/\/indologia.uwr.edu.pl\/wp-content\/uploads\/sites\/582\/2021\/04\/1-40-of-49-768x512.jpg 768w, https:\/\/indologia.uwr.edu.pl\/wp-content\/uploads\/sites\/582\/2021\/04\/1-40-of-49-1536x1025.jpg 1536w, https:\/\/indologia.uwr.edu.pl\/wp-content\/uploads\/sites\/582\/2021\/04\/1-40-of-49-2048x1366.jpg 2048w, https:\/\/indologia.uwr.edu.pl\/wp-content\/uploads\/sites\/582\/2021\/04\/1-40-of-49-1320x881.jpg 1320w, https:\/\/indologia.uwr.edu.pl\/wp-content\/uploads\/sites\/582\/2021\/04\/1-40-of-49-24x16.jpg 24w, https:\/\/indologia.uwr.edu.pl\/wp-content\/uploads\/sites\/582\/2021\/04\/1-40-of-49-36x24.jpg 36w, https:\/\/indologia.uwr.edu.pl\/wp-content\/uploads\/sites\/582\/2021\/04\/1-40-of-49-48x32.jpg 48w, https:\/\/indologia.uwr.edu.pl\/wp-content\/uploads\/sites\/582\/2021\/04\/1-40-of-49.jpg 1600w\" sizes=\"auto, (max-width: 1024px) 100vw, 1024px\" \/><\/figure><div class=\"wp-block-media-text__content\">\n<div class=\"wp-block-bonasoft-modular-breadcrumbs-block\"><div class=\"bs_add_breadcrumb_trail\"><\/div><\/div>\n\n\n\n<hr class=\"wp-block-separator has-text-color has-black-color has-css-opacity has-black-background-color has-background is-style-wide bs-border-kontakt\"\/>\n\n\n\n<h1 class=\"wp-block-heading bs-naglowek-podstrony\" id=\"tutaj-wpisz-tytul\"><strong>Mapa strony<\/strong><\/h1>\n<\/div><\/div>\n\n\n<ul class=\"mapa_strony wp-block-page-list\"><li class=\"wp-block-pages-list__item\"><a class=\"wp-block-pages-list__item__link\" href=\"https:\/\/indologia.uwr.edu.pl\/en\/aktualnosci\/\">Aktualno\u015bci<\/a><\/li><li class=\"wp-block-pages-list__item\"><a class=\"wp-block-pages-list__item__link\" href=\"https:\/\/indologia.uwr.edu.pl\/en\/deklaracja-dostepnosci\/\">Deklaracja dost\u0119pno\u015bci<\/a><\/li><li class=\"wp-block-pages-list__item has-child\"><a class=\"wp-block-pages-list__item__link\" href=\"https:\/\/indologia.uwr.edu.pl\/en\/dla-studenta\/\">Dla studenta<\/a><ul class=\"wp-block-navigation__submenu-container\"><li class=\"wp-block-pages-list__item \"><a class=\"wp-block-pages-list__item__link\" href=\"https:\/\/indologia.uwr.edu.pl\/en\/dla-studenta\/plan-zajec\/\">Plan zaj\u0119\u0107<\/a><\/li><li class=\"wp-block-pages-list__item \"><a class=\"wp-block-pages-list__item__link\" href=\"https:\/\/indologia.uwr.edu.pl\/en\/dla-studenta\/organizacja-roku-akademickiego\/\">Organizacja roku akademickiego<\/a><\/li><li class=\"wp-block-pages-list__item \"><a class=\"wp-block-pages-list__item__link\" href=\"https:\/\/indologia.uwr.edu.pl\/en\/dla-studenta\/informacje-dydaktyczne\/\">Informacje dydaktyczne<\/a><\/li><li class=\"wp-block-pages-list__item \"><a class=\"wp-block-pages-list__item__link\" href=\"https:\/\/indologia.uwr.edu.pl\/en\/dla-studenta\/dyplomowanie\/\">Dyplomowanie<\/a><\/li><li class=\"wp-block-pages-list__item \"><a class=\"wp-block-pages-list__item__link\" href=\"https:\/\/indologia.uwr.edu.pl\/en\/dla-studenta\/stypendia-w-indiach\/\">Stypendia w Indiach<\/a><\/li><li class=\"wp-block-pages-list__item \"><a class=\"wp-block-pages-list__item__link\" href=\"https:\/\/indologia.uwr.edu.pl\/en\/dla-studenta\/baza-przydatnych-linkow\/\">Baza przydatnych link\u00f3w<\/a><\/li><\/ul><\/li><li class=\"wp-block-pages-list__item\"><a class=\"wp-block-pages-list__item__link\" href=\"https:\/\/indologia.uwr.edu.pl\/en\/mapa-strony\/\">Mapa Strony<\/a><\/li><li class=\"wp-block-pages-list__item has-child\"><a class=\"wp-block-pages-list__item__link\" href=\"https:\/\/indologia.uwr.edu.pl\/en\/o-zakladzie\/\">O Zak\u0142adzie<\/a><ul class=\"wp-block-navigation__submenu-container\"><li class=\"wp-block-pages-list__item \"><a class=\"wp-block-pages-list__item__link\" href=\"https:\/\/indologia.uwr.edu.pl\/en\/o-zakladzie\/historia-zakladu-filologii-indyjskiej\/\">Historia Zak\u0142adu Filologii Indyjskiej<\/a><\/li><li class=\"wp-block-pages-list__item \"><a class=\"wp-block-pages-list__item__link\" href=\"https:\/\/indologia.uwr.edu.pl\/en\/o-zakladzie\/pracownicy\/\">Pracownicy<\/a><\/li><\/ul><\/li><li class=\"wp-block-pages-list__item menu-item-home\"><a class=\"wp-block-pages-list__item__link\" href=\"https:\/\/indologia.uwr.edu.pl\/en\/\">Strona G\u0142\u00f3wna<\/a><\/li><li class=\"wp-block-pages-list__item has-child\"><a class=\"wp-block-pages-list__item__link\" href=\"https:\/\/indologia.uwr.edu.pl\/en\/studia\/\">Studia<\/a><ul class=\"wp-block-navigation__submenu-container\"><li class=\"wp-block-pages-list__item \"><a class=\"wp-block-pages-list__item__link\" href=\"https:\/\/indologia.uwr.edu.pl\/en\/studia\/opis-studiow\/\">Opis studi\u00f3w<\/a><\/li><li class=\"wp-block-pages-list__item \"><a class=\"wp-block-pages-list__item__link\" href=\"https:\/\/indologia.uwr.edu.pl\/en\/studia\/program-studiow\/\">Program studi\u00f3w<\/a><\/li><li class=\"wp-block-pages-list__item \"><a class=\"wp-block-pages-list__item__link\" href=\"https:\/\/indologia.uwr.edu.pl\/en\/studia\/dzialalnosc-studencka\/\">Dzia\u0142alno\u015b\u0107 studencka<\/a><\/li><\/ul><\/li><li class=\"wp-block-pages-list__item\"><a class=\"wp-block-pages-list__item__link\" href=\"https:\/\/indologia.uwr.edu.pl\/en\/rekrutacja\/\">Studiuj filologi\u0119 indyjsk\u0105!<\/a><\/li><\/ul>","protected":false},"excerpt":{"rendered":"","protected":false},"author":20,"featured_media":24080,"parent":0,"menu_order":0,"comment_status":"closed","ping_status":"closed","template":"","meta":{"_acf_changed":false,"inline_featured_image":false,"site-sidebar-layout":"default","site-content-layout":"","ast-site-content-layout":"default","site-content-style":"default","site-sidebar-style":"default","ast-global-header-display":"","ast-banner-title-visibility":"","ast-main-header-display":"","ast-hfb-above-header-display":"","ast-hfb-below-header-display":"","ast-hfb-mobile-header-display":"","site-post-title":"","ast-breadcrumbs-content":"","ast-featured-img":"","footer-sml-layout":"","ast-disable-related-posts":"","theme-transparent-header-meta":"","adv-header-id-meta":"","stick-header-meta":"","header-above-stick-meta":"","header-main-stick-meta":"","header-below-stick-meta":"","astra-migrate-meta-layouts":"default","ast-page-background-enabled":"default","ast-page-background-meta":{"desktop":{"background-color":"","background-image":"","background-repeat":"repeat","background-position":"center center","background-size":"auto","background-attachment":"scroll","background-type":"","background-media":"","overlay-type":"","overlay-color":"","overlay-opacity":"","overlay-gradient":""},"tablet":{"background-color":"","background-image":"","background-repeat":"repeat","background-position":"center center","background-size":"auto","background-attachment":"scroll","background-type":"","background-media":"","overlay-type":"","overlay-color":"","overlay-opacity":"","overlay-gradient":""},"mobile":{"background-color":"","background-image":"","background-repeat":"repeat","background-position":"center center","background-size":"auto","background-attachment":"scroll","background-type":"","background-media":"","overlay-type":"","overlay-color":"","overlay-opacity":"","overlay-gradient":""}},"ast-content-background-meta":{"desktop":{"background-color":"var(--ast-global-color-5)","background-image":"","background-repeat":"repeat","background-position":"center center","background-size":"auto","background-attachment":"scroll","background-type":"","background-media":"","overlay-type":"","overlay-color":"","overlay-opacity":"","overlay-gradient":""},"tablet":{"background-color":"var(--ast-global-color-5)","background-image":"","background-repeat":"repeat","background-position":"center center","background-size":"auto","background-attachment":"scroll","background-type":"","background-media":"","overlay-type":"","overlay-color":"","overlay-opacity":"","overlay-gradient":""},"mobile":{"background-color":"var(--ast-global-color-5)","background-image":"","background-repeat":"repeat","background-position":"center center","background-size":"auto","background-attachment":"scroll","background-type":"","background-media":"","overlay-type":"","overlay-color":"","overlay-opacity":"","overlay-gradient":""}},"footnotes":""},"categories":[],"tags":[],"class_list":["post-24944","page","type-page","status-publish","has-post-thumbnail","hentry"],"featured_image_urls_v2":{"full":["https:\/\/indologia.uwr.edu.pl\/wp-content\/uploads\/sites\/582\/2024\/09\/pexels-bhavitya-3224533-scaled.jpg",1920,2560,false],"thumbnail":["https:\/\/indologia.uwr.edu.pl\/wp-content\/uploads\/sites\/582\/2024\/09\/pexels-bhavitya-3224533-150x150.jpg",150,150,true],"medium":["https:\/\/indologia.uwr.edu.pl\/wp-content\/uploads\/sites\/582\/2024\/09\/pexels-bhavitya-3224533-225x300.jpg",225,300,true],"medium_large":["https:\/\/indologia.uwr.edu.pl\/wp-content\/uploads\/sites\/582\/2024\/09\/pexels-bhavitya-3224533-768x1024.jpg",768,1024,true],"large":["https:\/\/indologia.uwr.edu.pl\/wp-content\/uploads\/sites\/582\/2024\/09\/pexels-bhavitya-3224533-768x1024.jpg",768,1024,true],"1536x1536":["https:\/\/indologia.uwr.edu.pl\/wp-content\/uploads\/sites\/582\/2024\/09\/pexels-bhavitya-3224533-1152x1536.jpg",1152,1536,true],"2048x2048":["https:\/\/indologia.uwr.edu.pl\/wp-content\/uploads\/sites\/582\/2024\/09\/pexels-bhavitya-3224533-1536x2048.jpg",1536,2048,true],"menu-24x24":["https:\/\/indologia.uwr.edu.pl\/wp-content\/uploads\/sites\/582\/2024\/09\/pexels-bhavitya-3224533-18x24.jpg",18,24,true],"menu-36x36":["https:\/\/indologia.uwr.edu.pl\/wp-content\/uploads\/sites\/582\/2024\/09\/pexels-bhavitya-3224533-27x36.jpg",27,36,true],"menu-48x48":["https:\/\/indologia.uwr.edu.pl\/wp-content\/uploads\/sites\/582\/2024\/09\/pexels-bhavitya-3224533-36x48.jpg",36,48,true]},"post_excerpt_stackable_v2":"<p>Mapa strony Aktualno\u015bciDeklaracja dost\u0119pno\u015bciDla studentaPlan zaj\u0119\u0107Organizacja roku akademickiegoInformacje dydaktyczneDyplomowanieStypendia w IndiachBaza przydatnych link\u00f3wMapa StronyO Zak\u0142adzieHistoria Zak\u0142adu Filologii IndyjskiejPracownicyStrona G\u0142\u00f3wnaStudiaOpis studi\u00f3wProgram studi\u00f3wDzia\u0142alno\u015b\u0107 studenckaStudiuj filologi\u0119 indyjsk\u0105!<\/p>\n","category_list_v2":"Uncategorized","author_info_v2":{"name":"mmatlinski","url":"https:\/\/indologia.uwr.edu.pl\/en\/author\/mmatlinski\/"},"comments_num_v2":"0 comments","acf":[],"yoast_head":"<!-- This site is optimized with the Yoast SEO plugin v27.1.1 - https:\/\/yoast.com\/product\/yoast-seo-wordpress\/ -->\n<title>Mapa Strony - Testowa Witryna<\/title>\n<meta name=\"robots\" content=\"index, follow, max-snippet:-1, max-image-preview:large, max-video-preview:-1\" \/>\n<link rel=\"canonical\" href=\"https:\/\/indologia.uwr.edu.pl\/en\/mapa-strony\/\" \/>\n<meta property=\"og:locale\" content=\"en_US\" \/>\n<meta property=\"og:type\" content=\"article\" \/>\n<meta property=\"og:title\" content=\"Mapa Strony - Testowa Witryna\" \/>\n<meta property=\"og:url\" content=\"https:\/\/indologia.uwr.edu.pl\/en\/mapa-strony\/\" \/>\n<meta property=\"og:site_name\" content=\"Testowa Witryna\" \/>\n<meta property=\"article:publisher\" content=\"https:\/\/www.facebook.com\/p\/Zakad-Filologii-Indyjskiej-UWr-100055157387493\/?_rdr\" \/>\n<meta property=\"article:modified_time\" content=\"2024-09-12T12:09:25+00:00\" \/>\n<meta property=\"og:image\" content=\"https:\/\/indologia.uwr.edu.pl\/wp-content\/uploads\/sites\/582\/2021\/04\/1-40-of-49-1024x683.jpg\" \/>\n<meta name=\"twitter:card\" content=\"summary_large_image\" \/>\n<meta name=\"twitter:label1\" content=\"Est. reading time\" \/>\n\t<meta name=\"twitter:data1\" content=\"1 minute\" \/>\n<script type=\"application\/ld+json\" class=\"yoast-schema-graph\">{\"@context\":\"https:\/\/schema.org\",\"@graph\":[{\"@type\":\"WebPage\",\"@id\":\"https:\/\/indologia.uwr.edu.pl\/en\/mapa-strony\/\",\"url\":\"https:\/\/indologia.uwr.edu.pl\/en\/mapa-strony\/\",\"name\":\"Mapa Strony - Testowa Witryna\",\"isPartOf\":{\"@id\":\"https:\/\/indologia.uwr.edu.pl\/#website\"},\"primaryImageOfPage\":{\"@id\":\"https:\/\/indologia.uwr.edu.pl\/en\/mapa-strony\/#primaryimage\"},\"image\":{\"@id\":\"https:\/\/indologia.uwr.edu.pl\/en\/mapa-strony\/#primaryimage\"},\"thumbnailUrl\":\"https:\/\/indologia.uwr.edu.pl\/wp-content\/uploads\/sites\/582\/2024\/09\/pexels-bhavitya-3224533-scaled.jpg\",\"datePublished\":\"2022-03-30T09:39:51+00:00\",\"dateModified\":\"2024-09-12T12:09:25+00:00\",\"breadcrumb\":{\"@id\":\"https:\/\/indologia.uwr.edu.pl\/en\/mapa-strony\/#breadcrumb\"},\"inLanguage\":\"en-US\",\"potentialAction\":[{\"@type\":\"ReadAction\",\"target\":[\"https:\/\/indologia.uwr.edu.pl\/en\/mapa-strony\/\"]}]},{\"@type\":\"ImageObject\",\"inLanguage\":\"en-US\",\"@id\":\"https:\/\/indologia.uwr.edu.pl\/en\/mapa-strony\/#primaryimage\",\"url\":\"https:\/\/indologia.uwr.edu.pl\/wp-content\/uploads\/sites\/582\/2024\/09\/pexels-bhavitya-3224533-scaled.jpg\",\"contentUrl\":\"https:\/\/indologia.uwr.edu.pl\/wp-content\/uploads\/sites\/582\/2024\/09\/pexels-bhavitya-3224533-scaled.jpg\",\"width\":1920,\"height\":2560,\"caption\":\"Tad\u017a Mahal\"},{\"@type\":\"BreadcrumbList\",\"@id\":\"https:\/\/indologia.uwr.edu.pl\/en\/mapa-strony\/#breadcrumb\",\"itemListElement\":[{\"@type\":\"ListItem\",\"position\":1,\"name\":\"Strona g\u0142\u00f3wna\",\"item\":\"https:\/\/indologia.uwr.edu.pl\/en\/\"},{\"@type\":\"ListItem\",\"position\":2,\"name\":\"Mapa Strony\"}]},{\"@type\":\"WebSite\",\"@id\":\"https:\/\/indologia.uwr.edu.pl\/#website\",\"url\":\"https:\/\/indologia.uwr.edu.pl\/\",\"name\":\"Zak\u0142ad Filologii Indyjskiej\",\"description\":\"Kolejna witryna sieci \u201eUWR Witryny\u201d\",\"publisher\":{\"@id\":\"https:\/\/indologia.uwr.edu.pl\/#organization\"},\"potentialAction\":[{\"@type\":\"SearchAction\",\"target\":{\"@type\":\"EntryPoint\",\"urlTemplate\":\"https:\/\/indologia.uwr.edu.pl\/?s={search_term_string}\"},\"query-input\":{\"@type\":\"PropertyValueSpecification\",\"valueRequired\":true,\"valueName\":\"search_term_string\"}}],\"inLanguage\":\"en-US\"},{\"@type\":\"Organization\",\"@id\":\"https:\/\/indologia.uwr.edu.pl\/#organization\",\"name\":\"Zak\u0142ad Filologii Indyjskiej\",\"url\":\"https:\/\/indologia.uwr.edu.pl\/\",\"logo\":{\"@type\":\"ImageObject\",\"inLanguage\":\"en-US\",\"@id\":\"https:\/\/indologia.uwr.edu.pl\/#\/schema\/logo\/image\/\",\"url\":\"https:\/\/indologia.uwr.edu.pl\/wp-content\/uploads\/sites\/582\/2025\/10\/UWr-logotyp-2025.png\",\"contentUrl\":\"https:\/\/indologia.uwr.edu.pl\/wp-content\/uploads\/sites\/582\/2025\/10\/UWr-logotyp-2025.png\",\"width\":764,\"height\":269,\"caption\":\"Zak\u0142ad Filologii Indyjskiej\"},\"image\":{\"@id\":\"https:\/\/indologia.uwr.edu.pl\/#\/schema\/logo\/image\/\"},\"sameAs\":[\"https:\/\/www.facebook.com\/p\/Zakad-Filologii-Indyjskiej-UWr-100055157387493\/?_rdr\"]}]}<\/script>\n<!-- \/ Yoast SEO plugin. -->","yoast_head_json":{"title":"Mapa Strony - Testowa Witryna","robots":{"index":"index","follow":"follow","max-snippet":"max-snippet:-1","max-image-preview":"max-image-preview:large","max-video-preview":"max-video-preview:-1"},"canonical":"https:\/\/indologia.uwr.edu.pl\/en\/mapa-strony\/","og_locale":"en_US","og_type":"article","og_title":"Mapa Strony - Testowa Witryna","og_url":"https:\/\/indologia.uwr.edu.pl\/en\/mapa-strony\/","og_site_name":"Testowa Witryna","article_publisher":"https:\/\/www.facebook.com\/p\/Zakad-Filologii-Indyjskiej-UWr-100055157387493\/?_rdr","article_modified_time":"2024-09-12T12:09:25+00:00","og_image":[{"url":"https:\/\/indologia.uwr.edu.pl\/wp-content\/uploads\/sites\/582\/2021\/04\/1-40-of-49-1024x683.jpg","type":"","width":"","height":""}],"twitter_card":"summary_large_image","twitter_misc":{"Est. reading time":"1 minute"},"schema":{"@context":"https:\/\/schema.org","@graph":[{"@type":"WebPage","@id":"https:\/\/indologia.uwr.edu.pl\/en\/mapa-strony\/","url":"https:\/\/indologia.uwr.edu.pl\/en\/mapa-strony\/","name":"Mapa Strony - Testowa Witryna","isPartOf":{"@id":"https:\/\/indologia.uwr.edu.pl\/#website"},"primaryImageOfPage":{"@id":"https:\/\/indologia.uwr.edu.pl\/en\/mapa-strony\/#primaryimage"},"image":{"@id":"https:\/\/indologia.uwr.edu.pl\/en\/mapa-strony\/#primaryimage"},"thumbnailUrl":"https:\/\/indologia.uwr.edu.pl\/wp-content\/uploads\/sites\/582\/2024\/09\/pexels-bhavitya-3224533-scaled.jpg","datePublished":"2022-03-30T09:39:51+00:00","dateModified":"2024-09-12T12:09:25+00:00","breadcrumb":{"@id":"https:\/\/indologia.uwr.edu.pl\/en\/mapa-strony\/#breadcrumb"},"inLanguage":"en-US","potentialAction":[{"@type":"ReadAction","target":["https:\/\/indologia.uwr.edu.pl\/en\/mapa-strony\/"]}]},{"@type":"ImageObject","inLanguage":"en-US","@id":"https:\/\/indologia.uwr.edu.pl\/en\/mapa-strony\/#primaryimage","url":"https:\/\/indologia.uwr.edu.pl\/wp-content\/uploads\/sites\/582\/2024\/09\/pexels-bhavitya-3224533-scaled.jpg","contentUrl":"https:\/\/indologia.uwr.edu.pl\/wp-content\/uploads\/sites\/582\/2024\/09\/pexels-bhavitya-3224533-scaled.jpg","width":1920,"height":2560,"caption":"Tad\u017a Mahal"},{"@type":"BreadcrumbList","@id":"https:\/\/indologia.uwr.edu.pl\/en\/mapa-strony\/#breadcrumb","itemListElement":[{"@type":"ListItem","position":1,"name":"Strona g\u0142\u00f3wna","item":"https:\/\/indologia.uwr.edu.pl\/en\/"},{"@type":"ListItem","position":2,"name":"Mapa Strony"}]},{"@type":"WebSite","@id":"https:\/\/indologia.uwr.edu.pl\/#website","url":"https:\/\/indologia.uwr.edu.pl\/","name":"Zak\u0142ad Filologii Indyjskiej","description":"Kolejna witryna sieci \u201eUWR Witryny\u201d","publisher":{"@id":"https:\/\/indologia.uwr.edu.pl\/#organization"},"potentialAction":[{"@type":"SearchAction","target":{"@type":"EntryPoint","urlTemplate":"https:\/\/indologia.uwr.edu.pl\/?s={search_term_string}"},"query-input":{"@type":"PropertyValueSpecification","valueRequired":true,"valueName":"search_term_string"}}],"inLanguage":"en-US"},{"@type":"Organization","@id":"https:\/\/indologia.uwr.edu.pl\/#organization","name":"Zak\u0142ad Filologii Indyjskiej","url":"https:\/\/indologia.uwr.edu.pl\/","logo":{"@type":"ImageObject","inLanguage":"en-US","@id":"https:\/\/indologia.uwr.edu.pl\/#\/schema\/logo\/image\/","url":"https:\/\/indologia.uwr.edu.pl\/wp-content\/uploads\/sites\/582\/2025\/10\/UWr-logotyp-2025.png","contentUrl":"https:\/\/indologia.uwr.edu.pl\/wp-content\/uploads\/sites\/582\/2025\/10\/UWr-logotyp-2025.png","width":764,"height":269,"caption":"Zak\u0142ad Filologii Indyjskiej"},"image":{"@id":"https:\/\/indologia.uwr.edu.pl\/#\/schema\/logo\/image\/"},"sameAs":["https:\/\/www.facebook.com\/p\/Zakad-Filologii-Indyjskiej-UWr-100055157387493\/?_rdr"]}]}},"publishpress_future_action":{"enabled":false,"date":"2026-05-07 15:15:57","action":"change-status","newStatus":"draft","terms":[],"taxonomy":"category","extraData":[]},"publishpress_future_workflow_manual_trigger":{"enabledWorkflows":[]},"_links":{"self":[{"href":"https:\/\/indologia.uwr.edu.pl\/en\/wp-json\/wp\/v2\/pages\/24944\/"}],"collection":[{"href":"https:\/\/indologia.uwr.edu.pl\/en\/wp-json\/wp\/v2\/pages\/"}],"about":[{"href":"https:\/\/indologia.uwr.edu.pl\/en\/wp-json\/wp\/v2\/types\/page\/"}],"author":[{"embeddable":true,"href":"https:\/\/indologia.uwr.edu.pl\/en\/wp-json\/wp\/v2\/users\/20\/"}],"replies":[{"embeddable":true,"href":"https:\/\/indologia.uwr.edu.pl\/en\/wp-json\/wp\/v2\/comments\/?post=24944"}],"version-history":[{"count":1,"href":"https:\/\/indologia.uwr.edu.pl\/en\/wp-json\/wp\/v2\/pages\/24944\/revisions\/"}],"predecessor-version":[{"id":25049,"href":"https:\/\/indologia.uwr.edu.pl\/en\/wp-json\/wp\/v2\/pages\/24944\/revisions\/25049\/"}],"wp:featuredmedia":[{"embeddable":true,"href":"https:\/\/indologia.uwr.edu.pl\/en\/wp-json\/wp\/v2\/media\/24080\/"}],"wp:attachment":[{"href":"https:\/\/indologia.uwr.edu.pl\/en\/wp-json\/wp\/v2\/media\/?parent=24944"}],"wp:term":[{"taxonomy":"category","embeddable":true,"href":"https:\/\/indologia.uwr.edu.pl\/en\/wp-json\/wp\/v2\/categories\/?post=24944"},{"taxonomy":"post_tag","embeddable":true,"href":"https:\/\/indologia.uwr.edu.pl\/en\/wp-json\/wp\/v2\/tags\/?post=24944"}],"curies":[{"name":"wp","href":"https:\/\/api.w.org\/{rel}","templated":true}]}}