{"id":24953,"date":"2024-09-11T13:30:02","date_gmt":"2024-09-11T11:30:02","guid":{"rendered":"https:\/\/indologia.uwr.edu.pl\/o-zakladzie\/historia-zakladu-filologii-indyjskiej\/"},"modified":"2024-09-12T00:38:21","modified_gmt":"2024-09-11T22:38:21","slug":"historia-zakladu-filologii-indyjskiej","status":"publish","type":"page","link":"https:\/\/indologia.uwr.edu.pl\/en\/o-zakladzie\/historia-zakladu-filologii-indyjskiej\/","title":{"rendered":"Historia Zak\u0142adu Filologii Indyjskiej"},"content":{"rendered":"\n<div class=\"wp-block-media-text alignwide is-stacked-on-mobile is-image-fill bs-news-page bs-page-links\"><figure class=\"wp-block-media-text__media\" style=\"background-image:url(https:\/\/indologia.uwr.edu.pl\/wp-content\/uploads\/sites\/582\/2024\/09\/pexels-jaipurkachokra-2764364-1024x846.jpg);background-position:50% 50%\"><img loading=\"lazy\" decoding=\"async\" width=\"1024\" height=\"846\" src=\"https:\/\/indologia.uwr.edu.pl\/wp-content\/uploads\/sites\/582\/2024\/09\/pexels-jaipurkachokra-2764364-1024x846.jpg\" alt=\"Budynek w Indiach\" class=\"wp-image-24125 size-full\" srcset=\"https:\/\/indologia.uwr.edu.pl\/wp-content\/uploads\/sites\/582\/2024\/09\/pexels-jaipurkachokra-2764364-1024x846.jpg 1024w, https:\/\/indologia.uwr.edu.pl\/wp-content\/uploads\/sites\/582\/2024\/09\/pexels-jaipurkachokra-2764364-300x248.jpg 300w, https:\/\/indologia.uwr.edu.pl\/wp-content\/uploads\/sites\/582\/2024\/09\/pexels-jaipurkachokra-2764364-768x635.jpg 768w, https:\/\/indologia.uwr.edu.pl\/wp-content\/uploads\/sites\/582\/2024\/09\/pexels-jaipurkachokra-2764364-1536x1269.jpg 1536w, https:\/\/indologia.uwr.edu.pl\/wp-content\/uploads\/sites\/582\/2024\/09\/pexels-jaipurkachokra-2764364-2048x1693.jpg 2048w, https:\/\/indologia.uwr.edu.pl\/wp-content\/uploads\/sites\/582\/2024\/09\/pexels-jaipurkachokra-2764364-1320x1091.jpg 1320w, https:\/\/indologia.uwr.edu.pl\/wp-content\/uploads\/sites\/582\/2024\/09\/pexels-jaipurkachokra-2764364-24x20.jpg 24w, https:\/\/indologia.uwr.edu.pl\/wp-content\/uploads\/sites\/582\/2024\/09\/pexels-jaipurkachokra-2764364-36x30.jpg 36w, https:\/\/indologia.uwr.edu.pl\/wp-content\/uploads\/sites\/582\/2024\/09\/pexels-jaipurkachokra-2764364-48x40.jpg 48w\" sizes=\"auto, (max-width: 1024px) 100vw, 1024px\" \/><\/figure><div class=\"wp-block-media-text__content\">\n<div class=\"wp-block-bonasoft-modular-breadcrumbs-block\"><div class=\"bs_add_breadcrumb_trail\"><\/div><\/div>\n\n\n\n<hr class=\"wp-block-separator has-text-color has-black-color has-css-opacity has-black-background-color has-background is-style-wide bs-border-kontakt\"\/>\n\n\n<h1 style=\"font-style:normal;font-weight:700;\" class=\"bs-naglowek-podstrony wp-block-post-title\">Historia Zak\u0142adu Filologii Indyjskiej<\/h1>\n\n\n<h2 class=\"wp-block-heading\">POCZ\u0104TKI INDOLOGII WROC\u0141AWSKIEJ<\/h2>\n\n\n\n<p>Pocz\u0105tki indologii na polskim Uniwersytecie Wroc\u0142awskim po II wojnie \u015bwiatowej zwi\u0105zane s\u0105 z dzia\u0142alno\u015bci\u0105 docenta doktora Ludwika Skurzaka. Przyby\u0142 on do Wroc\u0142awia zaraz po wojnie, w lipcu 1945 r., a prac\u0119 na Uniwersytecie Wroc\u0142awskim rozpocz\u0105\u0142 od zabezpieczania i porz\u0105dkowania ksi\u0119gozbioru ocala\u0142ego w poniemieckim Instytucie Orientalistycznym przy ul. Szewskiej 49. W ko\u0144cu sierpnia 1945 r. Wydzia\u0142 Humanistyczny Uniwersytetu Wroc\u0142awskiego powo\u0142a\u0142 dwa zak\u0142ady, kt\u00f3re mia\u0142y by\u0107 podstaw\u0105 przysz\u0142ego Instytutu Orientalistycznego: Zak\u0142ad Bliskiego Wschodu i Zak\u0142ad Filologii Indyjskiej. Kierownikiem tych Zak\u0142ad\u00f3w, okre\u015blanych tymczasowo jako Studium Orientalistyczne, by\u0142 prof. Ananiasz Zaj\u0105czkowski, turkolog doje\u017cd\u017caj\u0105cy z Warszawy. Jednak w 1946 r. Ministerstwo O\u015bwiaty nie zatwierdzi\u0142o projektu wroc\u0142awskiej orientalistyki jako jednostki samodzielnej. Studium zosta\u0142o wcielone organizacyjnie do Katedry J\u0119zykoznawstwa, pod kierunkiem prof. Jerzego Kury\u0142owicza, jako Sekcja Orientalistyczna. Pomimo tych ogranicze\u0144, na prze\u0142omie lat 1947\/48 og\u0142oszono nab\u00f3r na filologi\u0119 indyjsk\u0105 oraz uruchomiono Seminarium Bliskiego i \u015aredniego Wschodu. Jednym z najistotniejszych dla wroc\u0142awskiej indologii efekt\u00f3w tej dzia\u0142alno\u015bci sta\u0142o si\u0119 magisterium filologii indyjskiej, kt\u00f3re w czerwcu 1951 roku uzyska\u0142a Hanna Wa\u0142k\u00f3wska (w\u00f3wczas Hanna Pachnowska) jako jedna z dw\u00f3ch absolwentek tych studi\u00f3w, p\u00f3\u017aniejszy profesor nadzwyczajny indologii i kierownik Zak\u0142adu Filologii Indyjskiej. Jednak decyzj\u0105 \u00f3wczesnych w\u0142adz centralnych w roku 1952 Sekcja Orientalistyczna zosta\u0142a zlikwidowana.<\/p>\n\n\n\n<h2 class=\"wp-block-heading\">REAKTYWACJA STUDI\u00d3W INDOLOGICZNYCH<\/h2>\n\n\n\n<p>Reaktywacja studi\u00f3w indologicznych na Uniwersytecie Wroc\u0142awskim rozpocz\u0119ta zosta\u0142a w pa\u017adzierniku 1957 r., kiedy to powo\u0142ana zosta\u0142a Katedra Filologii Indyjskiej jako samodzielna jednostka pod kierownictwem docenta Ludwika Skurzaka. W 1969 r. Katedra zmieniona zosta\u0142a na Zak\u0142ad Filologii Indyjskiej, kt\u00f3ry w\u0142\u0105czony zosta\u0142 do Instytutu Filologii Klasycznej i Kultury Antycznej. (Wcze\u015bniejszy Instytut Filologii Klasycznej z powodu po\u0142\u0105czenia si\u0119 z plac\u00f3wk\u0105 orientalistycznej przemianowany zosta\u0142 na Instytut Filologii Klasycznej i Kultury Antycznej.) Docent Skurzak by\u0142 kierownikiem najpierw Katedry, potem Zak\u0142adu do 1971 r, do momentu przej\u015bcia na emerytur\u0119. Nast\u0119pnie kierownikiem Zak\u0142adu Filologii Indyjskiej zosta\u0142a jego uczennica i najbli\u017csza wsp\u00f3\u0142pracownica Hanna Wa\u0142k\u00f3wska (od 1972 \u2013 docent, a od 1982 r. \u2013 profesor nadzwyczajny), kt\u00f3ra funkcj\u0119 t\u0119 pe\u0142ni\u0142a do roku 1991, do czasu przej\u015bcia na emerytur\u0119. Od 1991 r. funkcj\u0119 kierownika Zak\u0142adu pe\u0142ni\u0142a profesor dr hab. Joanna Sachse, uczennica doc. Skurzaka i prof. Wa\u0142k\u00f3wskiej.<\/p>\n\n\n\n<h2 class=\"wp-block-heading\">FILOLOGIA INDYJSKA DZI\u015a<\/h2>\n\n\n\n<p>W roku 2011 przekaza\u0142a ona funkcj\u0119 kierownika Zak\u0142adu swojemu uczniowi, Przemys\u0142awowi Szczurkowi (dr hab., prof. UWr.). Za kierownictwa profesor Sachse, w roku akademickim 2009\/2010, uruchomione zosta\u0142y studia I stopnia (licencjackie) na kierunku filologia indyjska i kultura Indii. Kilka lat p\u00f3\u017aniej uruchomione zosta\u0142y tak\u017ce studia II stopnia (magisterskie). Obecnie Zak\u0142ad Filologii Indyjskiej jest jednym z pi\u0119ciu zak\u0142ad\u00f3w Instytutu Studi\u00f3w Klasycznych, \u015ar\u00f3dziemnomorskich i Orientalnych Uniwersytetu Wroc\u0142awskiego (wcze\u015bniej funkcjonuj\u0105cego jako Instytut Filologii Klasycznej i Kultury Antycznej). Od pocz\u0105tku dzia\u0142alno\u015bci pracownicy Zak\u0142adu Filologii Indyjskiej oferowali kursy sanskrytu i j\u0119zyka palijskiego oraz wyk\u0142ady monograficzne i opcyjne, zar\u00f3wno dla student\u00f3w filologii klasycznej, jak i dla innych student\u00f3w Uniwersytetu Wroc\u0142awskiego. W latach osiemdziesi\u0105tych XX w. Zak\u0142ad uruchomi\u0142 p\u00f3\u0142specjalizacj\u0119, a w roku akademickim 2007\/2008 specjalizacj\u0119 indologiczn\u0105. W roku akademickim 2009\/2010 pracownicy Zak\u0142adu utworzyli regularne 3-letnie studia I stopnia (licencjackie) filologii indyjskiej i kultury Indii, a w roku akademickim 2016\/2017 r\u00f3wnie\u017c 2-letnie studia II stopnia (magisterskie).<\/p>\n\n\n\n<p>Do ko\u0144ca XX w. zainteresowania badawcze i oferta dydaktyczna pracownik\u00f3w Zak\u0142adu Filologii Indyjskiej koncentrowa\u0142y si\u0119 na Indiach staro\u017cytnych i dotyczy\u0142y g\u0142\u00f3wnie staro\u017cytnych j\u0119zyk\u00f3w indyjskich, literatury, historii, filozofii, prawodawstwa i obyczajowo\u015bci dawnych Indii, ponadto tak\u017ce zwi\u0105zk\u00f3w \u015bwiata grecko-rzymskiego z Indiami staro\u017cytnymi (greckie i rzymskie \u015bwiadectwa o Indiach, staroindyjskie \u015bwiadectwa o \u015bwiecie Zachodu). Od pocz\u0105tk\u00f3w XXI w. profil naukowy i dydaktyczny Zak\u0142adu poszerzy\u0142 si\u0119 o j\u0119zyki nowo\u017cytne (hindi i urdu) oraz studia odnosz\u0105ce si\u0119 do Indii wsp\u00f3\u0142czesnych. Obecnie studentom filologii indyjskiej i kultury Indii oferowane s\u0105 r\u00f3wnocze\u015bnie kursy sanskrytu, wedyjskiego, historii, literatury, sztuki, prawodawstwa i obyczajowo\u015bci Indii staro\u017cytnych i \u015bredniowiecznych oraz j\u0119zyk\u00f3w wsp\u00f3\u0142czesnych (hindi i urdu), a tak\u017ce historii, literatury, kultury, idei politycznych Indii wsp\u00f3\u0142czesnych. Po drugim roku studi\u00f3w studenci mog\u0105 wybra\u0107 specjalizacj\u0119: sanskryck\u0105 lub hindi.<\/p>\n<\/div><\/div>\n","protected":false},"excerpt":{"rendered":"","protected":false},"author":6723,"featured_media":24080,"parent":24947,"menu_order":1,"comment_status":"closed","ping_status":"closed","template":"","meta":{"_acf_changed":false,"inline_featured_image":false,"site-sidebar-layout":"default","site-content-layout":"","ast-site-content-layout":"default","site-content-style":"default","site-sidebar-style":"default","ast-global-header-display":"","ast-banner-title-visibility":"","ast-main-header-display":"","ast-hfb-above-header-display":"","ast-hfb-below-header-display":"","ast-hfb-mobile-header-display":"","site-post-title":"","ast-breadcrumbs-content":"","ast-featured-img":"","footer-sml-layout":"","ast-disable-related-posts":"","theme-transparent-header-meta":"","adv-header-id-meta":"","stick-header-meta":"","header-above-stick-meta":"","header-main-stick-meta":"","header-below-stick-meta":"","astra-migrate-meta-layouts":"set","ast-page-background-enabled":"default","ast-page-background-meta":{"desktop":{"background-color":"","background-image":"","background-repeat":"repeat","background-position":"center center","background-size":"auto","background-attachment":"scroll","background-type":"","background-media":"","overlay-type":"","overlay-color":"","overlay-opacity":"","overlay-gradient":""},"tablet":{"background-color":"","background-image":"","background-repeat":"repeat","background-position":"center center","background-size":"auto","background-attachment":"scroll","background-type":"","background-media":"","overlay-type":"","overlay-color":"","overlay-opacity":"","overlay-gradient":""},"mobile":{"background-color":"","background-image":"","background-repeat":"repeat","background-position":"center center","background-size":"auto","background-attachment":"scroll","background-type":"","background-media":"","overlay-type":"","overlay-color":"","overlay-opacity":"","overlay-gradient":""}},"ast-content-background-meta":{"desktop":{"background-color":"var(--ast-global-color-5)","background-image":"","background-repeat":"repeat","background-position":"center center","background-size":"auto","background-attachment":"scroll","background-type":"","background-media":"","overlay-type":"","overlay-color":"","overlay-opacity":"","overlay-gradient":""},"tablet":{"background-color":"var(--ast-global-color-5)","background-image":"","background-repeat":"repeat","background-position":"center center","background-size":"auto","background-attachment":"scroll","background-type":"","background-media":"","overlay-type":"","overlay-color":"","overlay-opacity":"","overlay-gradient":""},"mobile":{"background-color":"var(--ast-global-color-5)","background-image":"","background-repeat":"repeat","background-position":"center center","background-size":"auto","background-attachment":"scroll","background-type":"","background-media":"","overlay-type":"","overlay-color":"","overlay-opacity":"","overlay-gradient":""}},"footnotes":""},"categories":[],"tags":[],"class_list":["post-24953","page","type-page","status-publish","has-post-thumbnail","hentry"],"featured_image_urls_v2":{"full":["https:\/\/indologia.uwr.edu.pl\/wp-content\/uploads\/sites\/582\/2024\/09\/pexels-bhavitya-3224533-scaled.jpg",1920,2560,false],"thumbnail":["https:\/\/indologia.uwr.edu.pl\/wp-content\/uploads\/sites\/582\/2024\/09\/pexels-bhavitya-3224533-150x150.jpg",150,150,true],"medium":["https:\/\/indologia.uwr.edu.pl\/wp-content\/uploads\/sites\/582\/2024\/09\/pexels-bhavitya-3224533-225x300.jpg",225,300,true],"medium_large":["https:\/\/indologia.uwr.edu.pl\/wp-content\/uploads\/sites\/582\/2024\/09\/pexels-bhavitya-3224533-768x1024.jpg",768,1024,true],"large":["https:\/\/indologia.uwr.edu.pl\/wp-content\/uploads\/sites\/582\/2024\/09\/pexels-bhavitya-3224533-768x1024.jpg",768,1024,true],"1536x1536":["https:\/\/indologia.uwr.edu.pl\/wp-content\/uploads\/sites\/582\/2024\/09\/pexels-bhavitya-3224533-1152x1536.jpg",1152,1536,true],"2048x2048":["https:\/\/indologia.uwr.edu.pl\/wp-content\/uploads\/sites\/582\/2024\/09\/pexels-bhavitya-3224533-1536x2048.jpg",1536,2048,true],"menu-24x24":["https:\/\/indologia.uwr.edu.pl\/wp-content\/uploads\/sites\/582\/2024\/09\/pexels-bhavitya-3224533-18x24.jpg",18,24,true],"menu-36x36":["https:\/\/indologia.uwr.edu.pl\/wp-content\/uploads\/sites\/582\/2024\/09\/pexels-bhavitya-3224533-27x36.jpg",27,36,true],"menu-48x48":["https:\/\/indologia.uwr.edu.pl\/wp-content\/uploads\/sites\/582\/2024\/09\/pexels-bhavitya-3224533-36x48.jpg",36,48,true]},"post_excerpt_stackable_v2":"<p>Historia Zak\u0142adu Filologii Indyjskiej POCZ\u0104TKI INDOLOGII WROC\u0141AWSKIEJ Pocz\u0105tki indologii na polskim Uniwersytecie Wroc\u0142awskim po II wojnie \u015bwiatowej zwi\u0105zane s\u0105 z dzia\u0142alno\u015bci\u0105 docenta doktora Ludwika Skurzaka. Przyby\u0142 on do Wroc\u0142awia zaraz po wojnie, w lipcu 1945 r., a prac\u0119 na Uniwersytecie Wroc\u0142awskim rozpocz\u0105\u0142 od zabezpieczania i porz\u0105dkowania ksi\u0119gozbioru ocala\u0142ego w poniemieckim Instytucie Orientalistycznym przy ul. Szewskiej 49. W ko\u0144cu sierpnia 1945 r. Wydzia\u0142 Humanistyczny Uniwersytetu Wroc\u0142awskiego powo\u0142a\u0142 dwa zak\u0142ady, kt\u00f3re mia\u0142y by\u0107 podstaw\u0105 przysz\u0142ego Instytutu Orientalistycznego: Zak\u0142ad Bliskiego Wschodu i Zak\u0142ad Filologii Indyjskiej. Kierownikiem tych Zak\u0142ad\u00f3w, okre\u015blanych tymczasowo jako Studium Orientalistyczne, by\u0142 prof. Ananiasz Zaj\u0105czkowski, turkolog doje\u017cd\u017caj\u0105cy z Warszawy. Jednak w&hellip;<\/p>\n","category_list_v2":"Uncategorized","author_info_v2":{"name":"mmonkiewicz","url":"https:\/\/indologia.uwr.edu.pl\/en\/author\/mmonkiewicz\/"},"comments_num_v2":"0 comments","acf":[],"yoast_head":"<!-- This site is optimized with the Yoast SEO plugin v27.1.1 - https:\/\/yoast.com\/product\/yoast-seo-wordpress\/ -->\n<title>Historia Zak\u0142adu Filologii Indyjskiej - Testowa Witryna<\/title>\n<meta name=\"robots\" content=\"index, follow, max-snippet:-1, max-image-preview:large, max-video-preview:-1\" \/>\n<link rel=\"canonical\" href=\"https:\/\/indologia.uwr.edu.pl\/en\/o-zakladzie\/historia-zakladu-filologii-indyjskiej\/\" \/>\n<meta property=\"og:locale\" content=\"en_US\" \/>\n<meta property=\"og:type\" content=\"article\" \/>\n<meta property=\"og:title\" content=\"Historia Zak\u0142adu Filologii Indyjskiej - Testowa Witryna\" \/>\n<meta property=\"og:url\" content=\"https:\/\/indologia.uwr.edu.pl\/en\/o-zakladzie\/historia-zakladu-filologii-indyjskiej\/\" \/>\n<meta property=\"og:site_name\" content=\"Testowa Witryna\" \/>\n<meta property=\"article:publisher\" content=\"https:\/\/www.facebook.com\/p\/Zakad-Filologii-Indyjskiej-UWr-100055157387493\/?_rdr\" \/>\n<meta property=\"article:modified_time\" content=\"2024-09-11T22:38:21+00:00\" \/>\n<meta property=\"og:image\" content=\"https:\/\/indologia.uwr.edu.pl\/wp-content\/uploads\/sites\/582\/2024\/09\/pexels-bhavitya-3224533-scaled.jpg\" \/>\n\t<meta property=\"og:image:width\" content=\"1920\" \/>\n\t<meta property=\"og:image:height\" content=\"2560\" \/>\n\t<meta property=\"og:image:type\" content=\"image\/jpeg\" \/>\n<meta name=\"twitter:card\" content=\"summary_large_image\" \/>\n<meta name=\"twitter:label1\" content=\"Est. reading time\" \/>\n\t<meta name=\"twitter:data1\" content=\"5 minutes\" \/>\n<script type=\"application\/ld+json\" class=\"yoast-schema-graph\">{\"@context\":\"https:\/\/schema.org\",\"@graph\":[{\"@type\":\"WebPage\",\"@id\":\"https:\/\/indologia.uwr.edu.pl\/en\/o-zakladzie\/historia-zakladu-filologii-indyjskiej\/\",\"url\":\"https:\/\/indologia.uwr.edu.pl\/en\/o-zakladzie\/historia-zakladu-filologii-indyjskiej\/\",\"name\":\"Historia Zak\u0142adu Filologii Indyjskiej - Testowa Witryna\",\"isPartOf\":{\"@id\":\"https:\/\/indologia.uwr.edu.pl\/#website\"},\"primaryImageOfPage\":{\"@id\":\"https:\/\/indologia.uwr.edu.pl\/en\/o-zakladzie\/historia-zakladu-filologii-indyjskiej\/#primaryimage\"},\"image\":{\"@id\":\"https:\/\/indologia.uwr.edu.pl\/en\/o-zakladzie\/historia-zakladu-filologii-indyjskiej\/#primaryimage\"},\"thumbnailUrl\":\"https:\/\/indologia.uwr.edu.pl\/wp-content\/uploads\/sites\/582\/2024\/09\/pexels-bhavitya-3224533-scaled.jpg\",\"datePublished\":\"2024-09-11T11:30:02+00:00\",\"dateModified\":\"2024-09-11T22:38:21+00:00\",\"breadcrumb\":{\"@id\":\"https:\/\/indologia.uwr.edu.pl\/en\/o-zakladzie\/historia-zakladu-filologii-indyjskiej\/#breadcrumb\"},\"inLanguage\":\"en-US\",\"potentialAction\":[{\"@type\":\"ReadAction\",\"target\":[\"https:\/\/indologia.uwr.edu.pl\/en\/o-zakladzie\/historia-zakladu-filologii-indyjskiej\/\"]}]},{\"@type\":\"ImageObject\",\"inLanguage\":\"en-US\",\"@id\":\"https:\/\/indologia.uwr.edu.pl\/en\/o-zakladzie\/historia-zakladu-filologii-indyjskiej\/#primaryimage\",\"url\":\"https:\/\/indologia.uwr.edu.pl\/wp-content\/uploads\/sites\/582\/2024\/09\/pexels-bhavitya-3224533-scaled.jpg\",\"contentUrl\":\"https:\/\/indologia.uwr.edu.pl\/wp-content\/uploads\/sites\/582\/2024\/09\/pexels-bhavitya-3224533-scaled.jpg\",\"width\":1920,\"height\":2560,\"caption\":\"Tad\u017a Mahal\"},{\"@type\":\"BreadcrumbList\",\"@id\":\"https:\/\/indologia.uwr.edu.pl\/en\/o-zakladzie\/historia-zakladu-filologii-indyjskiej\/#breadcrumb\",\"itemListElement\":[{\"@type\":\"ListItem\",\"position\":1,\"name\":\"Strona g\u0142\u00f3wna\",\"item\":\"https:\/\/indologia.uwr.edu.pl\/en\/\"},{\"@type\":\"ListItem\",\"position\":2,\"name\":\"O Zak\u0142adzie\",\"item\":\"https:\/\/indologia.uwr.edu.pl\/en\/o-zakladzie\/\"},{\"@type\":\"ListItem\",\"position\":3,\"name\":\"Historia Zak\u0142adu Filologii Indyjskiej\"}]},{\"@type\":\"WebSite\",\"@id\":\"https:\/\/indologia.uwr.edu.pl\/#website\",\"url\":\"https:\/\/indologia.uwr.edu.pl\/\",\"name\":\"Zak\u0142ad Filologii Indyjskiej\",\"description\":\"Kolejna witryna sieci \u201eUWR Witryny\u201d\",\"publisher\":{\"@id\":\"https:\/\/indologia.uwr.edu.pl\/#organization\"},\"potentialAction\":[{\"@type\":\"SearchAction\",\"target\":{\"@type\":\"EntryPoint\",\"urlTemplate\":\"https:\/\/indologia.uwr.edu.pl\/?s={search_term_string}\"},\"query-input\":{\"@type\":\"PropertyValueSpecification\",\"valueRequired\":true,\"valueName\":\"search_term_string\"}}],\"inLanguage\":\"en-US\"},{\"@type\":\"Organization\",\"@id\":\"https:\/\/indologia.uwr.edu.pl\/#organization\",\"name\":\"Zak\u0142ad Filologii Indyjskiej\",\"url\":\"https:\/\/indologia.uwr.edu.pl\/\",\"logo\":{\"@type\":\"ImageObject\",\"inLanguage\":\"en-US\",\"@id\":\"https:\/\/indologia.uwr.edu.pl\/#\/schema\/logo\/image\/\",\"url\":\"https:\/\/indologia.uwr.edu.pl\/wp-content\/uploads\/sites\/582\/2025\/10\/UWr-logotyp-2025.png\",\"contentUrl\":\"https:\/\/indologia.uwr.edu.pl\/wp-content\/uploads\/sites\/582\/2025\/10\/UWr-logotyp-2025.png\",\"width\":764,\"height\":269,\"caption\":\"Zak\u0142ad Filologii Indyjskiej\"},\"image\":{\"@id\":\"https:\/\/indologia.uwr.edu.pl\/#\/schema\/logo\/image\/\"},\"sameAs\":[\"https:\/\/www.facebook.com\/p\/Zakad-Filologii-Indyjskiej-UWr-100055157387493\/?_rdr\"]}]}<\/script>\n<!-- \/ Yoast SEO plugin. -->","yoast_head_json":{"title":"Historia Zak\u0142adu Filologii Indyjskiej - Testowa Witryna","robots":{"index":"index","follow":"follow","max-snippet":"max-snippet:-1","max-image-preview":"max-image-preview:large","max-video-preview":"max-video-preview:-1"},"canonical":"https:\/\/indologia.uwr.edu.pl\/en\/o-zakladzie\/historia-zakladu-filologii-indyjskiej\/","og_locale":"en_US","og_type":"article","og_title":"Historia Zak\u0142adu Filologii Indyjskiej - Testowa Witryna","og_url":"https:\/\/indologia.uwr.edu.pl\/en\/o-zakladzie\/historia-zakladu-filologii-indyjskiej\/","og_site_name":"Testowa Witryna","article_publisher":"https:\/\/www.facebook.com\/p\/Zakad-Filologii-Indyjskiej-UWr-100055157387493\/?_rdr","article_modified_time":"2024-09-11T22:38:21+00:00","og_image":[{"width":1920,"height":2560,"url":"https:\/\/indologia.uwr.edu.pl\/wp-content\/uploads\/sites\/582\/2024\/09\/pexels-bhavitya-3224533-scaled.jpg","type":"image\/jpeg"}],"twitter_card":"summary_large_image","twitter_misc":{"Est. reading time":"5 minutes"},"schema":{"@context":"https:\/\/schema.org","@graph":[{"@type":"WebPage","@id":"https:\/\/indologia.uwr.edu.pl\/en\/o-zakladzie\/historia-zakladu-filologii-indyjskiej\/","url":"https:\/\/indologia.uwr.edu.pl\/en\/o-zakladzie\/historia-zakladu-filologii-indyjskiej\/","name":"Historia Zak\u0142adu Filologii Indyjskiej - Testowa Witryna","isPartOf":{"@id":"https:\/\/indologia.uwr.edu.pl\/#website"},"primaryImageOfPage":{"@id":"https:\/\/indologia.uwr.edu.pl\/en\/o-zakladzie\/historia-zakladu-filologii-indyjskiej\/#primaryimage"},"image":{"@id":"https:\/\/indologia.uwr.edu.pl\/en\/o-zakladzie\/historia-zakladu-filologii-indyjskiej\/#primaryimage"},"thumbnailUrl":"https:\/\/indologia.uwr.edu.pl\/wp-content\/uploads\/sites\/582\/2024\/09\/pexels-bhavitya-3224533-scaled.jpg","datePublished":"2024-09-11T11:30:02+00:00","dateModified":"2024-09-11T22:38:21+00:00","breadcrumb":{"@id":"https:\/\/indologia.uwr.edu.pl\/en\/o-zakladzie\/historia-zakladu-filologii-indyjskiej\/#breadcrumb"},"inLanguage":"en-US","potentialAction":[{"@type":"ReadAction","target":["https:\/\/indologia.uwr.edu.pl\/en\/o-zakladzie\/historia-zakladu-filologii-indyjskiej\/"]}]},{"@type":"ImageObject","inLanguage":"en-US","@id":"https:\/\/indologia.uwr.edu.pl\/en\/o-zakladzie\/historia-zakladu-filologii-indyjskiej\/#primaryimage","url":"https:\/\/indologia.uwr.edu.pl\/wp-content\/uploads\/sites\/582\/2024\/09\/pexels-bhavitya-3224533-scaled.jpg","contentUrl":"https:\/\/indologia.uwr.edu.pl\/wp-content\/uploads\/sites\/582\/2024\/09\/pexels-bhavitya-3224533-scaled.jpg","width":1920,"height":2560,"caption":"Tad\u017a Mahal"},{"@type":"BreadcrumbList","@id":"https:\/\/indologia.uwr.edu.pl\/en\/o-zakladzie\/historia-zakladu-filologii-indyjskiej\/#breadcrumb","itemListElement":[{"@type":"ListItem","position":1,"name":"Strona g\u0142\u00f3wna","item":"https:\/\/indologia.uwr.edu.pl\/en\/"},{"@type":"ListItem","position":2,"name":"O Zak\u0142adzie","item":"https:\/\/indologia.uwr.edu.pl\/en\/o-zakladzie\/"},{"@type":"ListItem","position":3,"name":"Historia Zak\u0142adu Filologii Indyjskiej"}]},{"@type":"WebSite","@id":"https:\/\/indologia.uwr.edu.pl\/#website","url":"https:\/\/indologia.uwr.edu.pl\/","name":"Zak\u0142ad Filologii Indyjskiej","description":"Kolejna witryna sieci \u201eUWR Witryny\u201d","publisher":{"@id":"https:\/\/indologia.uwr.edu.pl\/#organization"},"potentialAction":[{"@type":"SearchAction","target":{"@type":"EntryPoint","urlTemplate":"https:\/\/indologia.uwr.edu.pl\/?s={search_term_string}"},"query-input":{"@type":"PropertyValueSpecification","valueRequired":true,"valueName":"search_term_string"}}],"inLanguage":"en-US"},{"@type":"Organization","@id":"https:\/\/indologia.uwr.edu.pl\/#organization","name":"Zak\u0142ad Filologii Indyjskiej","url":"https:\/\/indologia.uwr.edu.pl\/","logo":{"@type":"ImageObject","inLanguage":"en-US","@id":"https:\/\/indologia.uwr.edu.pl\/#\/schema\/logo\/image\/","url":"https:\/\/indologia.uwr.edu.pl\/wp-content\/uploads\/sites\/582\/2025\/10\/UWr-logotyp-2025.png","contentUrl":"https:\/\/indologia.uwr.edu.pl\/wp-content\/uploads\/sites\/582\/2025\/10\/UWr-logotyp-2025.png","width":764,"height":269,"caption":"Zak\u0142ad Filologii Indyjskiej"},"image":{"@id":"https:\/\/indologia.uwr.edu.pl\/#\/schema\/logo\/image\/"},"sameAs":["https:\/\/www.facebook.com\/p\/Zakad-Filologii-Indyjskiej-UWr-100055157387493\/?_rdr"]}]}},"publishpress_future_action":{"enabled":false,"date":"2026-05-07 00:04:51","action":"change-status","newStatus":"draft","terms":[],"taxonomy":"category","extraData":[]},"publishpress_future_workflow_manual_trigger":{"enabledWorkflows":[]},"_links":{"self":[{"href":"https:\/\/indologia.uwr.edu.pl\/en\/wp-json\/wp\/v2\/pages\/24953\/"}],"collection":[{"href":"https:\/\/indologia.uwr.edu.pl\/en\/wp-json\/wp\/v2\/pages\/"}],"about":[{"href":"https:\/\/indologia.uwr.edu.pl\/en\/wp-json\/wp\/v2\/types\/page\/"}],"author":[{"embeddable":true,"href":"https:\/\/indologia.uwr.edu.pl\/en\/wp-json\/wp\/v2\/users\/6723\/"}],"replies":[{"embeddable":true,"href":"https:\/\/indologia.uwr.edu.pl\/en\/wp-json\/wp\/v2\/comments\/?post=24953"}],"version-history":[{"count":1,"href":"https:\/\/indologia.uwr.edu.pl\/en\/wp-json\/wp\/v2\/pages\/24953\/revisions\/"}],"predecessor-version":[{"id":24959,"href":"https:\/\/indologia.uwr.edu.pl\/en\/wp-json\/wp\/v2\/pages\/24953\/revisions\/24959\/"}],"up":[{"embeddable":true,"href":"https:\/\/indologia.uwr.edu.pl\/en\/wp-json\/wp\/v2\/pages\/24947\/"}],"wp:featuredmedia":[{"embeddable":true,"href":"https:\/\/indologia.uwr.edu.pl\/en\/wp-json\/wp\/v2\/media\/24080\/"}],"wp:attachment":[{"href":"https:\/\/indologia.uwr.edu.pl\/en\/wp-json\/wp\/v2\/media\/?parent=24953"}],"wp:term":[{"taxonomy":"category","embeddable":true,"href":"https:\/\/indologia.uwr.edu.pl\/en\/wp-json\/wp\/v2\/categories\/?post=24953"},{"taxonomy":"post_tag","embeddable":true,"href":"https:\/\/indologia.uwr.edu.pl\/en\/wp-json\/wp\/v2\/tags\/?post=24953"}],"curies":[{"name":"wp","href":"https:\/\/api.w.org\/{rel}","templated":true}]}}